{"id":20423,"date":"2023-12-01T13:00:49","date_gmt":"2023-12-01T13:00:49","guid":{"rendered":"https:\/\/riffaud.eu\/?post_type=product&#038;p=20423"},"modified":"2024-01-08T11:54:41","modified_gmt":"2024-01-08T11:54:41","slug":"intemporelle-ii-copie","status":"publish","type":"product","link":"https:\/\/riffaud.eu\/es\/produit\/intemporelle-ii-copie\/","title":{"rendered":"Intemporelle II &#8211; Jazz"},"content":{"rendered":"<p>El giradiscos Intemporelle II Jazz es una variante del Intemporelle II original. Este modelo incorpora los principios fundamentales de las creaciones de Pierre Riffaud: la masa como principio absoluto, la transmisi\u00f3n por correa, la mec\u00e1nica pura, la estabilidad de la velocidad de rotaci\u00f3n y la ausencia de accesorios electr\u00f3nicos perif\u00e9ricos susceptibles de reducir la vida \u00fatil.<\/p>\n<h3><strong>CREACI\u00d3N DE LA BASE DE DATOS<\/strong><\/h3>\n<p>Enriqueciendo un enfoque meticulosamente t\u00e9cnico, Pierre Riffaud subraya su inclinaci\u00f3n art\u00edstica explorando nuevos materiales para dise\u00f1ar la base. De entre los meticulosamente probados, la elecci\u00f3n recay\u00f3 en el precioso m\u00e1rmol NEGRO ANTIGUO de los Pirineos.<br \/>\nEsta selecci\u00f3n representa una oferta excepcional para todos los amantes de la m\u00fasica, cuyo<br \/>\nLa sensibilidad hacia los objetos art\u00edsticos puede materializarse a trav\u00e9s de la propiedad de una pieza \u00fanica.<br \/>\nLa plataforma giratoria se ha aumentado hasta un generoso di\u00e1metro de 348 mm para obtener un alto nivel de energ\u00eda cin\u00e9tica en rotaci\u00f3n.<br \/>\nm\u00e1ximo. Est\u00e1 mecanizado a partir de una barra de aluminio fundido estabilizado de calidad aeron\u00e1utica.<\/p>\n<h4>Detalles t\u00e9cnicos:<\/h4>\n<p>Nuestra base, dise\u00f1ada con un bloque de m\u00e1rmol (seg\u00fan nuestra elecci\u00f3n, mencionada anteriormente), est\u00e1 hecha con<br \/>\nExtrema precisi\u00f3n gracias al mecanizado CNC. Cada pieza se<br \/>\npersonalizada a mano por un tallador de piedra, que ofrece un acabado pulido como el hielo.<br \/>\nLa base descansa elegantemente sobre tres patas provistas de gatos de suspensi\u00f3n con resorte.<br \/>\nTornillos helicoidales ajustables en altura para una nivelaci\u00f3n perfecta.<br \/>\nLa transmisi\u00f3n por correa se realiza mediante una polea de perfil convexo (escalonada 33\/45) optimizada para<br \/>\nlas dimensiones de la correa, as\u00ed como una contraplaca de aluminio mecanizada con precisi\u00f3n.<br \/>\npara garantizar una velocidad exacta sin ning\u00fan deslizamiento.<\/p>\n<p>El accionamiento corre a cargo de un motor s\u00edncrono de imanes permanentes de 24 polos. Su rotaci\u00f3n,<br \/>\nlenta y constante, reduciendo al m\u00ednimo las fluctuaciones de par. El motor est\u00e1 totalmente alojado<br \/>\nen un bloque de bronce macizo, que proporciona amortiguaci\u00f3n adicional para el funcionamiento<br \/>\nsilencioso.<br \/>\nIntemporelle II Jazz utiliza elementos mec\u00e1nicos desarrollados y patentados por Pierre Riffaud, en<br \/>\nen particular el rodamiento de rodillos c\u00f3nicos de precisi\u00f3n (N\u00b0 FR1900625)<\/p>\n<p>&nbsp;<\/p>\n<h3>EL BRAZO DE TONO<\/h3>\n<p>Modelo OPUS II<\/p>\n<p>Tipo monopivote sobre ba\u00f1o de silicona,<\/p>\n<p>Cableado interno: Nordost Norse2, pinzas de c\u00e9lula de rodio chapadas en oro,<\/p>\n<p>Con base de montaje que incluye antideslizamiento y ajuste VTA.<\/p>\n<p>Conexi\u00f3n RCA \/RCA a trav\u00e9s de L\u00e9mo<\/p>\n<table>\n<tbody>\n<tr>\n<td width=\"246\">Longitud total<\/td>\n<td width=\"177\">385 mm<\/td>\n<\/tr>\n<tr>\n<td width=\"246\">Longitud efectiva<\/td>\n<td width=\"177\">308,60 mm (12 pulgadas)<\/td>\n<\/tr>\n<tr>\n<td width=\"246\">Distancia del pivote al centro del disco<\/td>\n<td width=\"177\">295,60 mm<\/td>\n<\/tr>\n<tr>\n<td width=\"246\">\u00c1ngulo de desplazamiento<\/td>\n<td width=\"177\">18,5\u00b0<\/td>\n<\/tr>\n<tr>\n<td width=\"246\">Ajuste VTA<\/td>\n<td width=\"177\">0 a 10 mm<\/td>\n<\/tr>\n<tr>\n<td width=\"246\">Masa en movimiento<\/td>\n<td width=\"177\">1150 g<\/td>\n<\/tr>\n<tr>\n<td width=\"246\">\u00c1ngulo de desplazamiento (celda)<\/td>\n<td width=\"177\">17,3\u00b0<\/td>\n<\/tr>\n<tr>\n<td width=\"246\">Voladizo<\/td>\n<td width=\"177\">13 mm<\/td>\n<\/tr>\n<tr>\n<td width=\"246\">Ajuste de la fuerza de apoyo<\/td>\n<td width=\"177\">0,5 \/ 5g<\/td>\n<\/tr>\n<\/tbody>\n<\/table>\n","protected":false},"excerpt":{"rendered":"<p>Giradiscos de vinilo Intemporelle II Jazz, 2 velocidades, 33 y 45 rpm, cambio manual, alimentaci\u00f3n 230 V. Transmisi\u00f3n por correa. Tapa de zircalo macizo, di\u00e1metro 350 mm. Bloque motor de bronce macizo Pies ajustables.<\/p>\n<ul>\n<li>Opus II Chrome brazo monopivote de 306 mm \u00ab12 pulgadas<\/li>\n<li>Prensa de disco de acero inoxidable macizo de 750 g<\/li>\n<li>Sin c\u00e9lula<\/li>\n<\/ul>\n<p>(*) plazo de entrega: aproximadamente 4 semanas<\/p>\n","protected":false},"featured_media":20429,"template":"","meta":[],"product_cat":[118],"product_tag":[],"acf":[],"yoast_head":"<!-- This site is optimized with the Yoast SEO plugin v21.7 - https:\/\/yoast.com\/wordpress\/plugins\/seo\/ -->\n<title>Giradiscos Intemporelle II Jazz - Riffaud<\/title>\n<meta name=\"description\" content=\"Intemporelle II Jazz utiliza los componentes mec\u00e1nicos desarrollados y patentados por Pierre Riffaud, en particular el rodamiento de rodillos c\u00f3nicos de precisi\u00f3n...\" \/>\n<meta name=\"robots\" content=\"index, follow, max-snippet:-1, max-image-preview:large, max-video-preview:-1\" \/>\n<link rel=\"canonical\" href=\"https:\/\/riffaud.eu\/es\/produit\/intemporelle-ii-copie\/\" \/>\n<meta property=\"og:locale\" content=\"es_ES\" \/>\n<meta property=\"og:type\" content=\"article\" \/>\n<meta property=\"og:title\" content=\"Giradiscos Intemporelle II Jazz - Riffaud\" \/>\n<meta property=\"og:description\" content=\"Intemporelle II Jazz utiliza los componentes mec\u00e1nicos desarrollados y patentados por Pierre Riffaud, en particular el rodamiento de rodillos c\u00f3nicos de precisi\u00f3n...\" \/>\n<meta property=\"og:url\" content=\"https:\/\/riffaud.eu\/es\/produit\/intemporelle-ii-copie\/\" \/>\n<meta property=\"og:site_name\" content=\"Riffaud Turntables\" \/>\n<meta property=\"article:publisher\" content=\"https:\/\/www.facebook.com\/RiffaudTurntable\" \/>\n<meta property=\"article:modified_time\" content=\"2024-01-08T11:54:41+00:00\" \/>\n<meta property=\"og:image\" content=\"https:\/\/riffaud.eu\/wp-content\/uploads\/2024\/01\/Platine_vinyle_intemporelle_II_Jazz-1.jpg\" \/>\n\t<meta property=\"og:image:width\" content=\"1080\" \/>\n\t<meta property=\"og:image:height\" content=\"1080\" \/>\n\t<meta property=\"og:image:type\" content=\"image\/jpeg\" \/>\n<meta name=\"twitter:card\" content=\"summary_large_image\" \/>\n<meta name=\"twitter:label1\" content=\"Tiempo de lectura\" \/>\n\t<meta name=\"twitter:data1\" content=\"2 minutos\" \/>\n<script type=\"application\/ld+json\" class=\"yoast-schema-graph\">{\"@context\":\"https:\/\/schema.org\",\"@graph\":[{\"@type\":\"WebPage\",\"@id\":\"https:\/\/riffaud.eu\/es\/produit\/intemporelle-ii-copie\/\",\"url\":\"https:\/\/riffaud.eu\/es\/produit\/intemporelle-ii-copie\/\",\"name\":\"Giradiscos Intemporelle II Jazz - Riffaud\",\"isPartOf\":{\"@id\":\"https:\/\/riffaud.eu\/es\/#website\"},\"datePublished\":\"2023-12-01T13:00:49+00:00\",\"dateModified\":\"2024-01-08T11:54:41+00:00\",\"description\":\"Intemporelle II Jazz utiliza los componentes mec\u00e1nicos desarrollados y patentados por Pierre Riffaud, en particular el rodamiento de rodillos c\u00f3nicos de precisi\u00f3n...\",\"breadcrumb\":{\"@id\":\"https:\/\/riffaud.eu\/es\/produit\/intemporelle-ii-copie\/#breadcrumb\"},\"inLanguage\":\"es\",\"potentialAction\":[{\"@type\":\"ReadAction\",\"target\":[\"https:\/\/riffaud.eu\/es\/produit\/intemporelle-ii-copie\/\"]}]},{\"@type\":\"BreadcrumbList\",\"@id\":\"https:\/\/riffaud.eu\/es\/produit\/intemporelle-ii-copie\/#breadcrumb\",\"itemListElement\":[{\"@type\":\"ListItem\",\"position\":1,\"name\":\"Accueil\",\"item\":\"https:\/\/riffaud.eu\/es\/\"},{\"@type\":\"ListItem\",\"position\":2,\"name\":\"Tienda\",\"item\":\"https:\/\/riffaud.eu\/es\/tienda\/\"},{\"@type\":\"ListItem\",\"position\":3,\"name\":\"Intemporelle II &#8211; Jazz\"}]},{\"@type\":\"WebSite\",\"@id\":\"https:\/\/riffaud.eu\/es\/#website\",\"url\":\"https:\/\/riffaud.eu\/es\/\",\"name\":\"Riffaud Turntables\",\"description\":\"Createur de passion\",\"publisher\":{\"@id\":\"https:\/\/riffaud.eu\/es\/#organization\"},\"potentialAction\":[{\"@type\":\"SearchAction\",\"target\":{\"@type\":\"EntryPoint\",\"urlTemplate\":\"https:\/\/riffaud.eu\/es\/?s={search_term_string}\"},\"query-input\":\"required name=search_term_string\"}],\"inLanguage\":\"es\"},{\"@type\":\"Organization\",\"@id\":\"https:\/\/riffaud.eu\/es\/#organization\",\"name\":\"Riffaud Turntables\",\"url\":\"https:\/\/riffaud.eu\/es\/\",\"logo\":{\"@type\":\"ImageObject\",\"inLanguage\":\"es\",\"@id\":\"https:\/\/riffaud.eu\/es\/#\/schema\/logo\/image\/\",\"url\":\"http:\/\/riffaud.eu\/wp-content\/uploads\/2020\/08\/logo-Riffaud.png\",\"contentUrl\":\"http:\/\/riffaud.eu\/wp-content\/uploads\/2020\/08\/logo-Riffaud.png\",\"width\":320,\"height\":86,\"caption\":\"Riffaud Turntables\"},\"image\":{\"@id\":\"https:\/\/riffaud.eu\/es\/#\/schema\/logo\/image\/\"},\"sameAs\":[\"https:\/\/www.facebook.com\/RiffaudTurntable\",\"https:\/\/www.instagram.com\/riffaudturntable\/\"]}]}<\/script>\n<!-- \/ Yoast SEO plugin. -->","yoast_head_json":{"title":"Giradiscos Intemporelle II Jazz - Riffaud","description":"Intemporelle II Jazz utiliza los componentes mec\u00e1nicos desarrollados y patentados por Pierre Riffaud, en particular el rodamiento de rodillos c\u00f3nicos de precisi\u00f3n...","robots":{"index":"index","follow":"follow","max-snippet":"max-snippet:-1","max-image-preview":"max-image-preview:large","max-video-preview":"max-video-preview:-1"},"canonical":"https:\/\/riffaud.eu\/es\/produit\/intemporelle-ii-copie\/","og_locale":"es_ES","og_type":"article","og_title":"Giradiscos Intemporelle II Jazz - Riffaud","og_description":"Intemporelle II Jazz utiliza los componentes mec\u00e1nicos desarrollados y patentados por Pierre Riffaud, en particular el rodamiento de rodillos c\u00f3nicos de precisi\u00f3n...","og_url":"https:\/\/riffaud.eu\/es\/produit\/intemporelle-ii-copie\/","og_site_name":"Riffaud Turntables","article_publisher":"https:\/\/www.facebook.com\/RiffaudTurntable","article_modified_time":"2024-01-08T11:54:41+00:00","og_image":[{"width":1080,"height":1080,"url":"https:\/\/riffaud.eu\/wp-content\/uploads\/2024\/01\/Platine_vinyle_intemporelle_II_Jazz-1.jpg","type":"image\/jpeg"}],"twitter_card":"summary_large_image","twitter_misc":{"Tiempo de lectura":"2 minutos"},"schema":{"@context":"https:\/\/schema.org","@graph":[{"@type":"WebPage","@id":"https:\/\/riffaud.eu\/es\/produit\/intemporelle-ii-copie\/","url":"https:\/\/riffaud.eu\/es\/produit\/intemporelle-ii-copie\/","name":"Giradiscos Intemporelle II Jazz - Riffaud","isPartOf":{"@id":"https:\/\/riffaud.eu\/es\/#website"},"datePublished":"2023-12-01T13:00:49+00:00","dateModified":"2024-01-08T11:54:41+00:00","description":"Intemporelle II Jazz utiliza los componentes mec\u00e1nicos desarrollados y patentados por Pierre Riffaud, en particular el rodamiento de rodillos c\u00f3nicos de precisi\u00f3n...","breadcrumb":{"@id":"https:\/\/riffaud.eu\/es\/produit\/intemporelle-ii-copie\/#breadcrumb"},"inLanguage":"es","potentialAction":[{"@type":"ReadAction","target":["https:\/\/riffaud.eu\/es\/produit\/intemporelle-ii-copie\/"]}]},{"@type":"BreadcrumbList","@id":"https:\/\/riffaud.eu\/es\/produit\/intemporelle-ii-copie\/#breadcrumb","itemListElement":[{"@type":"ListItem","position":1,"name":"Accueil","item":"https:\/\/riffaud.eu\/es\/"},{"@type":"ListItem","position":2,"name":"Tienda","item":"https:\/\/riffaud.eu\/es\/tienda\/"},{"@type":"ListItem","position":3,"name":"Intemporelle II &#8211; Jazz"}]},{"@type":"WebSite","@id":"https:\/\/riffaud.eu\/es\/#website","url":"https:\/\/riffaud.eu\/es\/","name":"Riffaud Turntables","description":"Createur de passion","publisher":{"@id":"https:\/\/riffaud.eu\/es\/#organization"},"potentialAction":[{"@type":"SearchAction","target":{"@type":"EntryPoint","urlTemplate":"https:\/\/riffaud.eu\/es\/?s={search_term_string}"},"query-input":"required name=search_term_string"}],"inLanguage":"es"},{"@type":"Organization","@id":"https:\/\/riffaud.eu\/es\/#organization","name":"Riffaud Turntables","url":"https:\/\/riffaud.eu\/es\/","logo":{"@type":"ImageObject","inLanguage":"es","@id":"https:\/\/riffaud.eu\/es\/#\/schema\/logo\/image\/","url":"http:\/\/riffaud.eu\/wp-content\/uploads\/2020\/08\/logo-Riffaud.png","contentUrl":"http:\/\/riffaud.eu\/wp-content\/uploads\/2020\/08\/logo-Riffaud.png","width":320,"height":86,"caption":"Riffaud Turntables"},"image":{"@id":"https:\/\/riffaud.eu\/es\/#\/schema\/logo\/image\/"},"sameAs":["https:\/\/www.facebook.com\/RiffaudTurntable","https:\/\/www.instagram.com\/riffaudturntable\/"]}]}},"_links":{"self":[{"href":"https:\/\/riffaud.eu\/es\/wp-json\/wp\/v2\/product\/20423"}],"collection":[{"href":"https:\/\/riffaud.eu\/es\/wp-json\/wp\/v2\/product"}],"about":[{"href":"https:\/\/riffaud.eu\/es\/wp-json\/wp\/v2\/types\/product"}],"wp:featuredmedia":[{"embeddable":true,"href":"https:\/\/riffaud.eu\/es\/wp-json\/wp\/v2\/media\/20429"}],"wp:attachment":[{"href":"https:\/\/riffaud.eu\/es\/wp-json\/wp\/v2\/media?parent=20423"}],"wp:term":[{"taxonomy":"product_cat","embeddable":true,"href":"https:\/\/riffaud.eu\/es\/wp-json\/wp\/v2\/product_cat?post=20423"},{"taxonomy":"product_tag","embeddable":true,"href":"https:\/\/riffaud.eu\/es\/wp-json\/wp\/v2\/product_tag?post=20423"}],"curies":[{"name":"wp","href":"https:\/\/api.w.org\/{rel}","templated":true}]}}