{"id":20296,"date":"2023-12-03T13:16:15","date_gmt":"2023-12-03T13:16:15","guid":{"rendered":"https:\/\/riffaud.eu\/produit\/clasico-ii\/"},"modified":"2024-01-02T15:17:47","modified_gmt":"2024-01-02T15:17:47","slug":"classique-ii","status":"publish","type":"product","link":"https:\/\/riffaud.eu\/es\/produit\/classique-ii\/","title":{"rendered":"Classique II"},"content":{"rendered":"<p>Para convencer de la validez de su filosof\u00eda y de su enfoque conceptual, Pierre Riffaud cre\u00f3 un modelo que podr\u00eda denominarse \u00abde descubrimiento\u00bb.<\/p>\n<p>Totalmente artesanal, este modelo ofrece calidad de audi\u00f3filo a un precio razonable, en comparaci\u00f3n con la gama de productos industriales denominados \u00abde gama alta\u00bb.<\/p>\n<p>No obstante, esta Petite Platine es muy potente y debe superar el escepticismo de los mel\u00f3manos. Su tama\u00f1o (400 x 500 mm) permite montarlo con el brazo Opus AS como equipo original. Se trata de un brazo unipivotante de 12 pulgadas desarrollado por Pierre Riffaud para aprovechar al m\u00e1ximo las caracter\u00edsticas musicales de sus giradiscos.<\/p>\n<p>Classique II utiliza los mismos componentes mec\u00e1nicos que los desarrollados para <a href=\"http:\/\/www.riffaud.eu\/platine-tourne-disque\/intemporelle\/\">Intemporelle<\/a>, en particular el rodamiento de rodillos c\u00f3nicos de precisi\u00f3n patentado. (N\u00b0 FR1900625)<\/p>\n<p>Esta plataforma giratoria dispone de una \u00abmasa suspendida\u00bb sobre tres pies de elast\u00f3mero regulables en altura para una perfecta nivelaci\u00f3n horizontal.<\/p>\n<p>La base est\u00e1 hecha de un bloque de granito negro de Zimbabue. Las caras est\u00e1n perfectamente pulidas.<\/p>\n<ul>\n<li>Peso total: 33 kg.<\/li>\n<li>El motor es un motor s\u00edncrono de imanes permanentes de 24 polos. La velocidad de rotaci\u00f3n baja y uniforme minimiza las ondulaciones del par.<\/li>\n<li>El accionamiento es por correa sobre una contraplaca interna, que soporta la placa principal de 7 kg de peso.<\/li>\n<\/ul>\n<p>La parte superior est\u00e1 fabricada con un bloque de aluminio cortado a partir de una pieza maciza. Sus 328 mm de di\u00e1metro y 40 mm de grosor le confieren un elevado momento de inercia. Esta inercia es el principal factor de estabilidad, velocidad y desaparici\u00f3n del parpadeo. En efecto: La calidad del sonido no s\u00f3lo tiene que ver con la din\u00e1mica y la imagen estereof\u00f3nica, sino tambi\u00e9n con el timbre. Para conservar el timbre de los instrumentos que crean la atm\u00f3sfera del concierto, o el timbre de las voces que emocionan, la se\u00f1al musical debe ser fluida y perfectamente regular. En anal\u00f3gico, la se\u00f1al musical es el reflejo exacto de la reproducci\u00f3n. Por tanto, debe ser fluida y perfectamente regular.<\/p>\n<p>En los giradiscos Riffaud, todos los medios t\u00e9cnicos est\u00e1n disponibles para responder a estas exigencias: se trata de soluciones exclusivamente mec\u00e1nicas perfectamente dominadas: accionamiento del plato por correa plana, motor s\u00edncrono de alto par y regulaci\u00f3n (alisado) por la energ\u00eda cin\u00e9tica contenida en la masa del plato giratorio.<\/p>\n","protected":false},"excerpt":{"rendered":"<p>Para convencer de la validez de su filosof\u00eda y de su enfoque conceptual, Pierre Riffaud cre\u00f3 un modelo que podr\u00eda denominarse \u00abde descubrimiento\u00bb.<\/p>\n<p>Totalmente artesanal, este modelo ofrece un rendimiento de nivel audi\u00f3filo a un precio razonable, en comparaci\u00f3n con la gama de productos industriales denominados \u00abde gama alta\u00bb.<\/p>\n<p>Sin embargo, esta Petite Platine es muy potente y debe superar el escepticismo de los mel\u00f3manos. Su tama\u00f1o (400 x 500 mm) permite montarlo con el brazo Opus AS como equipo original. Se trata de un brazo unipivotante de 12 pulgadas desarrollado por Pierre Riffaud para aprovechar al m\u00e1ximo las caracter\u00edsticas musicales de sus giradiscos.<\/p>\n<p>[fusion_checklist icon=\u00bbok\u00bb iconcolor=\u00bb#aaaaaa\u00bb circle=\u00bbno\u00bb]<\/p>\n<ul>\n<li>Formato (400 x 500 mm)<\/li>\n<li>Peso total: 33 kg.<\/li>\n<li>El motor es un motor s\u00edncrono de imanes permanentes de 24 polos. La velocidad de rotaci\u00f3n baja y uniforme minimiza las ondulaciones del par.<\/li>\n<li>El accionamiento es por correa sobre una contraplaca interna, que soporta la placa principal de 7 kg de peso.<\/li>\n<li>Rodamiento de precisi\u00f3n tipo garra patentado. (N\u00b0 FR3092151)<\/li>\n<li>Granito negro de Zimbabue<\/li>\n<li>Brazos Opus II<\/li>\n<\/ul>\n<p>BRAZO DE LECTURA:<\/p>\n<p>Modelo OPUS II<\/p>\n<p>Tipo monopivote sobre ba\u00f1o de silicona,<\/p>\n<p>Cableado interno: Nordost Norse2 , trenzado con 4 conductores 23 AWG (0,032 mm\u00b2) de plata pura al 99,99999%.<\/p>\n<p>Pinzas para pilas de rodio chapadas en oro,<\/p>\n<p>Con base de montaje que incluye antideslizamiento y ajuste VTA.<\/p>\n<p>Conexi\u00f3n RCA \/RCA a trav\u00e9s de L\u00e9mo<\/p>\n<table>\n<tbody>\n<tr>\n<td width=\"246\">Longitud total<\/td>\n<td width=\"177\">385 mm<\/td>\n<\/tr>\n<tr>\n<td width=\"246\">Longitud efectiva<\/td>\n<td width=\"177\">308,60 mm (12 pulgadas)<\/td>\n<\/tr>\n<tr>\n<td width=\"246\">Distancia del pivote al centro del disco<\/td>\n<td width=\"177\">295,60 mm<\/td>\n<\/tr>\n<tr>\n<td width=\"246\">\u00c1ngulo de desplazamiento<\/td>\n<td width=\"177\">18,5\u00b0<\/td>\n<\/tr>\n<tr>\n<td width=\"246\">Ajuste VTA<\/td>\n<td width=\"177\">0 a 10 mm<\/td>\n<\/tr>\n<tr>\n<td width=\"246\">Masa en movimiento<\/td>\n<td width=\"177\">1150 g<\/td>\n<\/tr>\n<tr>\n<td width=\"246\">\u00c1ngulo de desplazamiento (celda)<\/td>\n<td width=\"177\">17,3\u00b0<\/td>\n<\/tr>\n<tr>\n<td width=\"246\">Voladizo<\/td>\n<td width=\"177\">13 mm<\/td>\n<\/tr>\n<tr>\n<td width=\"246\">Ajuste de la fuerza de apoyo<\/td>\n<td width=\"177\">0,5 \/ 5g<\/td>\n<\/tr>\n<\/tbody>\n<\/table>\n<p>[\/fusion_checklist]<\/p>\n","protected":false},"featured_media":20204,"template":"","meta":[],"product_cat":[118],"product_tag":[127],"acf":[],"yoast_head":"<!-- This site is optimized with the Yoast SEO plugin v21.7 - https:\/\/yoast.com\/wordpress\/plugins\/seo\/ -->\n<title>Classique II - Riffaud Turntables<\/title>\n<meta name=\"robots\" content=\"index, follow, max-snippet:-1, max-image-preview:large, max-video-preview:-1\" \/>\n<link rel=\"canonical\" href=\"https:\/\/riffaud.eu\/es\/produit\/classique-ii\/\" \/>\n<meta property=\"og:locale\" content=\"es_ES\" \/>\n<meta property=\"og:type\" content=\"article\" \/>\n<meta property=\"og:title\" content=\"Classique II - Riffaud Turntables\" \/>\n<meta property=\"og:description\" content=\"Para convencer de la validez de su filosof\u00eda y de su enfoque conceptual, Pierre Riffaud cre\u00f3 un modelo que podr\u00eda denominarse &quot;de descubrimiento&quot;.  Totalmente artesanal, este modelo ofrece un rendimiento de nivel audi\u00f3filo a un precio razonable, en comparaci\u00f3n con la gama de productos industriales denominados &quot;de gama alta&quot;.  Sin embargo, esta Petite Platine es muy potente y debe superar el escepticismo de los mel\u00f3manos. Su tama\u00f1o (400 x 500 mm) permite montarlo con el brazo Opus AS como equipo original. Se trata de un brazo unipivotante de 12 pulgadas desarrollado por Pierre Riffaud para aprovechar al m\u00e1ximo las caracter\u00edsticas musicales de sus giradiscos.  [fusion_checklist icon=&quot;ok&quot; iconcolor=&quot;#aaaaaa&quot; circle=&quot;no&quot;]   Formato (400 x 500 mm)  Peso total: 33 kg.  El motor es un motor s\u00edncrono de imanes permanentes de 24 polos. La velocidad de rotaci\u00f3n baja y uniforme minimiza las ondulaciones del par.  El accionamiento es por correa sobre una contraplaca interna, que soporta la placa principal de 7 kg de peso.  Rodamiento de precisi\u00f3n tipo garra patentado. (N\u00b0 FR3092151)  Granito negro de Zimbabue  Brazos Opus II  BRAZO DE LECTURA:  Modelo OPUS II  Tipo monopivote sobre ba\u00f1o de silicona,  Cableado interno: Nordost Norse2 , trenzado con 4 conductores 23 AWG (0,032 mm\u00b2) de plata pura al 99,99999%.  Pinzas para pilas de rodio chapadas en oro,  Con base de montaje que incluye antideslizamiento y ajuste VTA.  Conexi\u00f3n RCA \/RCA a trav\u00e9s de L\u00e9mo    Longitud total 385 mm   Longitud efectiva 308,60 mm (12 pulgadas)   Distancia del pivote al centro del disco 295,60 mm   \u00c1ngulo de desplazamiento 18,5\u00b0   Ajuste VTA 0 a 10 mm   Masa en movimiento 1150 g   \u00c1ngulo de desplazamiento (celda) 17,3\u00b0   Voladizo 13 mm   Ajuste de la fuerza de apoyo 0,5 \/ 5g    [\/fusion_checklist]\" \/>\n<meta property=\"og:url\" content=\"https:\/\/riffaud.eu\/es\/produit\/classique-ii\/\" \/>\n<meta property=\"og:site_name\" content=\"Riffaud Turntables\" \/>\n<meta property=\"article:publisher\" content=\"https:\/\/www.facebook.com\/RiffaudTurntable\" \/>\n<meta property=\"article:modified_time\" content=\"2024-01-02T15:17:47+00:00\" \/>\n<meta property=\"og:image\" content=\"https:\/\/riffaud.eu\/wp-content\/uploads\/2015\/10\/riffaud_turntable_classique_II_black_3.jpg\" \/>\n\t<meta property=\"og:image:width\" content=\"1080\" \/>\n\t<meta property=\"og:image:height\" content=\"1080\" \/>\n\t<meta property=\"og:image:type\" content=\"image\/jpeg\" \/>\n<meta name=\"twitter:card\" content=\"summary_large_image\" \/>\n<meta name=\"twitter:label1\" content=\"Tiempo de lectura\" \/>\n\t<meta name=\"twitter:data1\" content=\"3 minutos\" \/>\n<script type=\"application\/ld+json\" class=\"yoast-schema-graph\">{\"@context\":\"https:\/\/schema.org\",\"@graph\":[{\"@type\":\"WebPage\",\"@id\":\"https:\/\/riffaud.eu\/es\/produit\/classique-ii\/\",\"url\":\"https:\/\/riffaud.eu\/es\/produit\/classique-ii\/\",\"name\":\"Classique II - Riffaud Turntables\",\"isPartOf\":{\"@id\":\"https:\/\/riffaud.eu\/es\/#website\"},\"datePublished\":\"2023-12-03T13:16:15+00:00\",\"dateModified\":\"2024-01-02T15:17:47+00:00\",\"breadcrumb\":{\"@id\":\"https:\/\/riffaud.eu\/es\/produit\/classique-ii\/#breadcrumb\"},\"inLanguage\":\"es\",\"potentialAction\":[{\"@type\":\"ReadAction\",\"target\":[\"https:\/\/riffaud.eu\/es\/produit\/classique-ii\/\"]}]},{\"@type\":\"BreadcrumbList\",\"@id\":\"https:\/\/riffaud.eu\/es\/produit\/classique-ii\/#breadcrumb\",\"itemListElement\":[{\"@type\":\"ListItem\",\"position\":1,\"name\":\"Accueil\",\"item\":\"https:\/\/riffaud.eu\/es\/\"},{\"@type\":\"ListItem\",\"position\":2,\"name\":\"Tienda\",\"item\":\"https:\/\/riffaud.eu\/es\/tienda\/\"},{\"@type\":\"ListItem\",\"position\":3,\"name\":\"Classique II\"}]},{\"@type\":\"WebSite\",\"@id\":\"https:\/\/riffaud.eu\/es\/#website\",\"url\":\"https:\/\/riffaud.eu\/es\/\",\"name\":\"Riffaud Turntables\",\"description\":\"Createur de passion\",\"publisher\":{\"@id\":\"https:\/\/riffaud.eu\/es\/#organization\"},\"potentialAction\":[{\"@type\":\"SearchAction\",\"target\":{\"@type\":\"EntryPoint\",\"urlTemplate\":\"https:\/\/riffaud.eu\/es\/?s={search_term_string}\"},\"query-input\":\"required name=search_term_string\"}],\"inLanguage\":\"es\"},{\"@type\":\"Organization\",\"@id\":\"https:\/\/riffaud.eu\/es\/#organization\",\"name\":\"Riffaud Turntables\",\"url\":\"https:\/\/riffaud.eu\/es\/\",\"logo\":{\"@type\":\"ImageObject\",\"inLanguage\":\"es\",\"@id\":\"https:\/\/riffaud.eu\/es\/#\/schema\/logo\/image\/\",\"url\":\"http:\/\/riffaud.eu\/wp-content\/uploads\/2020\/08\/logo-Riffaud.png\",\"contentUrl\":\"http:\/\/riffaud.eu\/wp-content\/uploads\/2020\/08\/logo-Riffaud.png\",\"width\":320,\"height\":86,\"caption\":\"Riffaud Turntables\"},\"image\":{\"@id\":\"https:\/\/riffaud.eu\/es\/#\/schema\/logo\/image\/\"},\"sameAs\":[\"https:\/\/www.facebook.com\/RiffaudTurntable\",\"https:\/\/www.instagram.com\/riffaudturntable\/\"]}]}<\/script>\n<!-- \/ Yoast SEO plugin. -->","yoast_head_json":{"title":"Classique II - Riffaud Turntables","robots":{"index":"index","follow":"follow","max-snippet":"max-snippet:-1","max-image-preview":"max-image-preview:large","max-video-preview":"max-video-preview:-1"},"canonical":"https:\/\/riffaud.eu\/es\/produit\/classique-ii\/","og_locale":"es_ES","og_type":"article","og_title":"Classique II - Riffaud Turntables","og_description":"Para convencer de la validez de su filosof\u00eda y de su enfoque conceptual, Pierre Riffaud cre\u00f3 un modelo que podr\u00eda denominarse \"de descubrimiento\".  Totalmente artesanal, este modelo ofrece un rendimiento de nivel audi\u00f3filo a un precio razonable, en comparaci\u00f3n con la gama de productos industriales denominados \"de gama alta\".  Sin embargo, esta Petite Platine es muy potente y debe superar el escepticismo de los mel\u00f3manos. Su tama\u00f1o (400 x 500 mm) permite montarlo con el brazo Opus AS como equipo original. Se trata de un brazo unipivotante de 12 pulgadas desarrollado por Pierre Riffaud para aprovechar al m\u00e1ximo las caracter\u00edsticas musicales de sus giradiscos.  [fusion_checklist icon=\"ok\" iconcolor=\"#aaaaaa\" circle=\"no\"]   Formato (400 x 500 mm)  Peso total: 33 kg.  El motor es un motor s\u00edncrono de imanes permanentes de 24 polos. La velocidad de rotaci\u00f3n baja y uniforme minimiza las ondulaciones del par.  El accionamiento es por correa sobre una contraplaca interna, que soporta la placa principal de 7 kg de peso.  Rodamiento de precisi\u00f3n tipo garra patentado. (N\u00b0 FR3092151)  Granito negro de Zimbabue  Brazos Opus II  BRAZO DE LECTURA:  Modelo OPUS II  Tipo monopivote sobre ba\u00f1o de silicona,  Cableado interno: Nordost Norse2 , trenzado con 4 conductores 23 AWG (0,032 mm\u00b2) de plata pura al 99,99999%.  Pinzas para pilas de rodio chapadas en oro,  Con base de montaje que incluye antideslizamiento y ajuste VTA.  Conexi\u00f3n RCA \/RCA a trav\u00e9s de L\u00e9mo    Longitud total 385 mm   Longitud efectiva 308,60 mm (12 pulgadas)   Distancia del pivote al centro del disco 295,60 mm   \u00c1ngulo de desplazamiento 18,5\u00b0   Ajuste VTA 0 a 10 mm   Masa en movimiento 1150 g   \u00c1ngulo de desplazamiento (celda) 17,3\u00b0   Voladizo 13 mm   Ajuste de la fuerza de apoyo 0,5 \/ 5g    [\/fusion_checklist]","og_url":"https:\/\/riffaud.eu\/es\/produit\/classique-ii\/","og_site_name":"Riffaud Turntables","article_publisher":"https:\/\/www.facebook.com\/RiffaudTurntable","article_modified_time":"2024-01-02T15:17:47+00:00","og_image":[{"width":1080,"height":1080,"url":"https:\/\/riffaud.eu\/wp-content\/uploads\/2015\/10\/riffaud_turntable_classique_II_black_3.jpg","type":"image\/jpeg"}],"twitter_card":"summary_large_image","twitter_misc":{"Tiempo de lectura":"3 minutos"},"schema":{"@context":"https:\/\/schema.org","@graph":[{"@type":"WebPage","@id":"https:\/\/riffaud.eu\/es\/produit\/classique-ii\/","url":"https:\/\/riffaud.eu\/es\/produit\/classique-ii\/","name":"Classique II - Riffaud Turntables","isPartOf":{"@id":"https:\/\/riffaud.eu\/es\/#website"},"datePublished":"2023-12-03T13:16:15+00:00","dateModified":"2024-01-02T15:17:47+00:00","breadcrumb":{"@id":"https:\/\/riffaud.eu\/es\/produit\/classique-ii\/#breadcrumb"},"inLanguage":"es","potentialAction":[{"@type":"ReadAction","target":["https:\/\/riffaud.eu\/es\/produit\/classique-ii\/"]}]},{"@type":"BreadcrumbList","@id":"https:\/\/riffaud.eu\/es\/produit\/classique-ii\/#breadcrumb","itemListElement":[{"@type":"ListItem","position":1,"name":"Accueil","item":"https:\/\/riffaud.eu\/es\/"},{"@type":"ListItem","position":2,"name":"Tienda","item":"https:\/\/riffaud.eu\/es\/tienda\/"},{"@type":"ListItem","position":3,"name":"Classique II"}]},{"@type":"WebSite","@id":"https:\/\/riffaud.eu\/es\/#website","url":"https:\/\/riffaud.eu\/es\/","name":"Riffaud Turntables","description":"Createur de passion","publisher":{"@id":"https:\/\/riffaud.eu\/es\/#organization"},"potentialAction":[{"@type":"SearchAction","target":{"@type":"EntryPoint","urlTemplate":"https:\/\/riffaud.eu\/es\/?s={search_term_string}"},"query-input":"required name=search_term_string"}],"inLanguage":"es"},{"@type":"Organization","@id":"https:\/\/riffaud.eu\/es\/#organization","name":"Riffaud Turntables","url":"https:\/\/riffaud.eu\/es\/","logo":{"@type":"ImageObject","inLanguage":"es","@id":"https:\/\/riffaud.eu\/es\/#\/schema\/logo\/image\/","url":"http:\/\/riffaud.eu\/wp-content\/uploads\/2020\/08\/logo-Riffaud.png","contentUrl":"http:\/\/riffaud.eu\/wp-content\/uploads\/2020\/08\/logo-Riffaud.png","width":320,"height":86,"caption":"Riffaud Turntables"},"image":{"@id":"https:\/\/riffaud.eu\/es\/#\/schema\/logo\/image\/"},"sameAs":["https:\/\/www.facebook.com\/RiffaudTurntable","https:\/\/www.instagram.com\/riffaudturntable\/"]}]}},"_links":{"self":[{"href":"https:\/\/riffaud.eu\/es\/wp-json\/wp\/v2\/product\/20296"}],"collection":[{"href":"https:\/\/riffaud.eu\/es\/wp-json\/wp\/v2\/product"}],"about":[{"href":"https:\/\/riffaud.eu\/es\/wp-json\/wp\/v2\/types\/product"}],"wp:featuredmedia":[{"embeddable":true,"href":"https:\/\/riffaud.eu\/es\/wp-json\/wp\/v2\/media\/20204"}],"wp:attachment":[{"href":"https:\/\/riffaud.eu\/es\/wp-json\/wp\/v2\/media?parent=20296"}],"wp:term":[{"taxonomy":"product_cat","embeddable":true,"href":"https:\/\/riffaud.eu\/es\/wp-json\/wp\/v2\/product_cat?post=20296"},{"taxonomy":"product_tag","embeddable":true,"href":"https:\/\/riffaud.eu\/es\/wp-json\/wp\/v2\/product_tag?post=20296"}],"curies":[{"name":"wp","href":"https:\/\/api.w.org\/{rel}","templated":true}]}}