{"id":20294,"date":"2023-12-01T12:43:52","date_gmt":"2023-12-01T12:43:52","guid":{"rendered":"https:\/\/riffaud.eu\/produit\/classic-ii-we\/"},"modified":"2024-01-02T15:16:22","modified_gmt":"2024-01-02T15:16:22","slug":"classique-ii-we","status":"publish","type":"product","link":"https:\/\/riffaud.eu\/es\/produit\/classique-ii-we\/","title":{"rendered":"Classique II &#8211; WE"},"content":{"rendered":"<p>El giradiscos de vinilo Classique II &#8211; WE (White Edition) es una versi\u00f3n en blanco del Classique II original.<\/p>\n<p>Para convencer de la validez de su filosof\u00eda y de su enfoque conceptual, Pierre Riffaud cre\u00f3 un modelo que podr\u00eda denominarse de \u00abdescubrimiento\u00bb.<\/p>\n<p>Totalmente artesanal, este modelo ofrece calidad de audi\u00f3filo a un precio razonable, en comparaci\u00f3n con la gama de productos industriales denominados \u00abde gama alta\u00bb.<\/p>\n<p>No obstante, esta Petite Platine es muy potente y debe superar el escepticismo de los mel\u00f3manos. Su tama\u00f1o (400 x 500 mm) permite alojar el brazo monopivote Opus II Carbon de 306 mm como equipamiento original. Se trata de un brazo unipivotante de 12 pulgadas desarrollado por Pierre Riffaud para aprovechar al m\u00e1ximo las caracter\u00edsticas musicales de sus giradiscos.<\/p>\n<p>Classique II utiliza los mismos componentes mec\u00e1nicos que los desarrollados para <a href=\"http:\/\/www.riffaud.eu\/platine-tourne-disque\/intemporelle\/\">Intemporelle<\/a>, en particular el rodamiento de rodillos c\u00f3nicos de precisi\u00f3n patentado. (N\u00b0 FR1900625)<\/p>\n<p>Esta plataforma giratoria dispone de una \u00abmasa suspendida\u00bb sobre tres pies de elast\u00f3mero regulables en altura para una perfecta nivelaci\u00f3n horizontal.<\/p>\n<p>La base est\u00e1 hecha de un bloque de cuarcita blanca. Las caras est\u00e1n perfectamente pulidas.<\/p>\n<ul>\n<li>Peso total: 33 kg.<\/li>\n<li>El motor es un motor s\u00edncrono de imanes permanentes de 24 polos. La velocidad de rotaci\u00f3n baja y uniforme minimiza las ondulaciones del par.<\/li>\n<li>El accionamiento es por correa sobre una contraplaca interna, que soporta la placa principal de 7 kg de peso.<\/li>\n<\/ul>\n<p>La parte superior est\u00e1 fabricada con un bloque de aluminio cortado a partir de una pieza maciza. Sus 328 mm de di\u00e1metro y 40 mm de grosor le confieren un elevado momento de inercia. Esta inercia es el principal factor de estabilidad, velocidad y desaparici\u00f3n del parpadeo. En efecto: La calidad del sonido no s\u00f3lo tiene que ver con la din\u00e1mica y la imagen estereof\u00f3nica, sino tambi\u00e9n con el timbre. Para conservar el timbre de los instrumentos que crean la atm\u00f3sfera del concierto, o el timbre de las voces que emocionan, la se\u00f1al musical debe ser fluida y perfectamente regular. En anal\u00f3gico, la se\u00f1al musical es el reflejo exacto de la reproducci\u00f3n. Por tanto, debe ser fluida y perfectamente regular.<\/p>\n<p>En los giradiscos Riffaud, todos los medios t\u00e9cnicos est\u00e1n disponibles para responder a estas exigencias: se trata de soluciones exclusivamente mec\u00e1nicas perfectamente dominadas: accionamiento del plato por correa plana, motor s\u00edncrono de alto par y regulaci\u00f3n (alisado) por la energ\u00eda cin\u00e9tica contenida en la masa del plato giratorio.<\/p>\n<h4>Classique II &#8211; WE viene con:<\/h4>\n<ul>\n<li>Opus II Carbon brazo unipivot 306 mm \u00ab12 pulgadas<\/li>\n<li>VDH La c\u00e9lula de bobina m\u00f3vil FROG. 0,65 mV<\/li>\n<li>Disco de acero inoxidable macizo de 750 g<\/li>\n<\/ul>\n","protected":false},"excerpt":{"rendered":"<p>Giradiscos de vinilo Classique II WE de 2 velocidades, cambio manual de 33 y 45 rpm. Alimentaci\u00f3n<br \/>\n230V. Transmisi\u00f3n por correa. Tapa de zircalo macizo, di\u00e1metro 330 mm. Pies ajustables.<br \/>\n+ Brazo unipivotante de carbono Opus II de 306 mm \u00ab12 pulgadas<br \/>\n+ VDH La c\u00e9lula de bobina m\u00f3vil FROG. 0,65 mV<br \/>\n+ disco de acero inoxidable 750 g<\/p>\n","protected":false},"featured_media":20184,"template":"","meta":[],"product_cat":[118],"product_tag":[],"acf":[],"yoast_head":"<!-- This site is optimized with the Yoast SEO plugin v21.7 - https:\/\/yoast.com\/wordpress\/plugins\/seo\/ -->\n<title>Giradiscos Classique II - WE - Riffaud<\/title>\n<meta name=\"description\" content=\"El giradiscos Classique II - WE tiene una &quot;masa suspendida&quot; sobre tres pies de elast\u00f3mero regulables en altura.\" \/>\n<meta name=\"robots\" content=\"index, follow, max-snippet:-1, max-image-preview:large, max-video-preview:-1\" \/>\n<link rel=\"canonical\" href=\"https:\/\/riffaud.eu\/es\/produit\/classique-ii-we\/\" \/>\n<meta property=\"og:locale\" content=\"es_ES\" \/>\n<meta property=\"og:type\" content=\"article\" \/>\n<meta property=\"og:title\" content=\"Giradiscos Classique II - WE - Riffaud\" \/>\n<meta property=\"og:description\" content=\"El giradiscos Classique II - WE tiene una &quot;masa suspendida&quot; sobre tres pies de elast\u00f3mero regulables en altura.\" \/>\n<meta property=\"og:url\" content=\"https:\/\/riffaud.eu\/es\/produit\/classique-ii-we\/\" \/>\n<meta property=\"og:site_name\" content=\"Riffaud Turntables\" \/>\n<meta property=\"article:publisher\" content=\"https:\/\/www.facebook.com\/RiffaudTurntable\" \/>\n<meta property=\"article:modified_time\" content=\"2024-01-02T15:16:22+00:00\" \/>\n<meta property=\"og:image\" content=\"https:\/\/riffaud.eu\/wp-content\/uploads\/2023\/12\/riffaud_turntable_classique_II_white_edition_1c.jpg\" \/>\n\t<meta property=\"og:image:width\" content=\"1080\" \/>\n\t<meta property=\"og:image:height\" content=\"1080\" \/>\n\t<meta property=\"og:image:type\" content=\"image\/jpeg\" \/>\n<meta name=\"twitter:card\" content=\"summary_large_image\" \/>\n<meta name=\"twitter:label1\" content=\"Tiempo de lectura\" \/>\n\t<meta name=\"twitter:data1\" content=\"3 minutos\" \/>\n<script type=\"application\/ld+json\" class=\"yoast-schema-graph\">{\"@context\":\"https:\/\/schema.org\",\"@graph\":[{\"@type\":\"WebPage\",\"@id\":\"https:\/\/riffaud.eu\/es\/produit\/classique-ii-we\/\",\"url\":\"https:\/\/riffaud.eu\/es\/produit\/classique-ii-we\/\",\"name\":\"Giradiscos Classique II - WE - Riffaud\",\"isPartOf\":{\"@id\":\"https:\/\/riffaud.eu\/es\/#website\"},\"datePublished\":\"2023-12-01T12:43:52+00:00\",\"dateModified\":\"2024-01-02T15:16:22+00:00\",\"description\":\"El giradiscos Classique II - WE tiene una \\\"masa suspendida\\\" sobre tres pies de elast\u00f3mero regulables en altura.\",\"breadcrumb\":{\"@id\":\"https:\/\/riffaud.eu\/es\/produit\/classique-ii-we\/#breadcrumb\"},\"inLanguage\":\"es\",\"potentialAction\":[{\"@type\":\"ReadAction\",\"target\":[\"https:\/\/riffaud.eu\/es\/produit\/classique-ii-we\/\"]}]},{\"@type\":\"BreadcrumbList\",\"@id\":\"https:\/\/riffaud.eu\/es\/produit\/classique-ii-we\/#breadcrumb\",\"itemListElement\":[{\"@type\":\"ListItem\",\"position\":1,\"name\":\"Accueil\",\"item\":\"https:\/\/riffaud.eu\/es\/\"},{\"@type\":\"ListItem\",\"position\":2,\"name\":\"Tienda\",\"item\":\"https:\/\/riffaud.eu\/es\/tienda\/\"},{\"@type\":\"ListItem\",\"position\":3,\"name\":\"Classique II &#8211; WE\"}]},{\"@type\":\"WebSite\",\"@id\":\"https:\/\/riffaud.eu\/es\/#website\",\"url\":\"https:\/\/riffaud.eu\/es\/\",\"name\":\"Riffaud Turntables\",\"description\":\"Createur de passion\",\"publisher\":{\"@id\":\"https:\/\/riffaud.eu\/es\/#organization\"},\"potentialAction\":[{\"@type\":\"SearchAction\",\"target\":{\"@type\":\"EntryPoint\",\"urlTemplate\":\"https:\/\/riffaud.eu\/es\/?s={search_term_string}\"},\"query-input\":\"required name=search_term_string\"}],\"inLanguage\":\"es\"},{\"@type\":\"Organization\",\"@id\":\"https:\/\/riffaud.eu\/es\/#organization\",\"name\":\"Riffaud Turntables\",\"url\":\"https:\/\/riffaud.eu\/es\/\",\"logo\":{\"@type\":\"ImageObject\",\"inLanguage\":\"es\",\"@id\":\"https:\/\/riffaud.eu\/es\/#\/schema\/logo\/image\/\",\"url\":\"http:\/\/riffaud.eu\/wp-content\/uploads\/2020\/08\/logo-Riffaud.png\",\"contentUrl\":\"http:\/\/riffaud.eu\/wp-content\/uploads\/2020\/08\/logo-Riffaud.png\",\"width\":320,\"height\":86,\"caption\":\"Riffaud Turntables\"},\"image\":{\"@id\":\"https:\/\/riffaud.eu\/es\/#\/schema\/logo\/image\/\"},\"sameAs\":[\"https:\/\/www.facebook.com\/RiffaudTurntable\",\"https:\/\/www.instagram.com\/riffaudturntable\/\"]}]}<\/script>\n<!-- \/ Yoast SEO plugin. -->","yoast_head_json":{"title":"Giradiscos Classique II - WE - Riffaud","description":"El giradiscos Classique II - WE tiene una \"masa suspendida\" sobre tres pies de elast\u00f3mero regulables en altura.","robots":{"index":"index","follow":"follow","max-snippet":"max-snippet:-1","max-image-preview":"max-image-preview:large","max-video-preview":"max-video-preview:-1"},"canonical":"https:\/\/riffaud.eu\/es\/produit\/classique-ii-we\/","og_locale":"es_ES","og_type":"article","og_title":"Giradiscos Classique II - WE - Riffaud","og_description":"El giradiscos Classique II - WE tiene una \"masa suspendida\" sobre tres pies de elast\u00f3mero regulables en altura.","og_url":"https:\/\/riffaud.eu\/es\/produit\/classique-ii-we\/","og_site_name":"Riffaud Turntables","article_publisher":"https:\/\/www.facebook.com\/RiffaudTurntable","article_modified_time":"2024-01-02T15:16:22+00:00","og_image":[{"width":1080,"height":1080,"url":"https:\/\/riffaud.eu\/wp-content\/uploads\/2023\/12\/riffaud_turntable_classique_II_white_edition_1c.jpg","type":"image\/jpeg"}],"twitter_card":"summary_large_image","twitter_misc":{"Tiempo de lectura":"3 minutos"},"schema":{"@context":"https:\/\/schema.org","@graph":[{"@type":"WebPage","@id":"https:\/\/riffaud.eu\/es\/produit\/classique-ii-we\/","url":"https:\/\/riffaud.eu\/es\/produit\/classique-ii-we\/","name":"Giradiscos Classique II - WE - Riffaud","isPartOf":{"@id":"https:\/\/riffaud.eu\/es\/#website"},"datePublished":"2023-12-01T12:43:52+00:00","dateModified":"2024-01-02T15:16:22+00:00","description":"El giradiscos Classique II - WE tiene una \"masa suspendida\" sobre tres pies de elast\u00f3mero regulables en altura.","breadcrumb":{"@id":"https:\/\/riffaud.eu\/es\/produit\/classique-ii-we\/#breadcrumb"},"inLanguage":"es","potentialAction":[{"@type":"ReadAction","target":["https:\/\/riffaud.eu\/es\/produit\/classique-ii-we\/"]}]},{"@type":"BreadcrumbList","@id":"https:\/\/riffaud.eu\/es\/produit\/classique-ii-we\/#breadcrumb","itemListElement":[{"@type":"ListItem","position":1,"name":"Accueil","item":"https:\/\/riffaud.eu\/es\/"},{"@type":"ListItem","position":2,"name":"Tienda","item":"https:\/\/riffaud.eu\/es\/tienda\/"},{"@type":"ListItem","position":3,"name":"Classique II &#8211; WE"}]},{"@type":"WebSite","@id":"https:\/\/riffaud.eu\/es\/#website","url":"https:\/\/riffaud.eu\/es\/","name":"Riffaud Turntables","description":"Createur de passion","publisher":{"@id":"https:\/\/riffaud.eu\/es\/#organization"},"potentialAction":[{"@type":"SearchAction","target":{"@type":"EntryPoint","urlTemplate":"https:\/\/riffaud.eu\/es\/?s={search_term_string}"},"query-input":"required name=search_term_string"}],"inLanguage":"es"},{"@type":"Organization","@id":"https:\/\/riffaud.eu\/es\/#organization","name":"Riffaud Turntables","url":"https:\/\/riffaud.eu\/es\/","logo":{"@type":"ImageObject","inLanguage":"es","@id":"https:\/\/riffaud.eu\/es\/#\/schema\/logo\/image\/","url":"http:\/\/riffaud.eu\/wp-content\/uploads\/2020\/08\/logo-Riffaud.png","contentUrl":"http:\/\/riffaud.eu\/wp-content\/uploads\/2020\/08\/logo-Riffaud.png","width":320,"height":86,"caption":"Riffaud Turntables"},"image":{"@id":"https:\/\/riffaud.eu\/es\/#\/schema\/logo\/image\/"},"sameAs":["https:\/\/www.facebook.com\/RiffaudTurntable","https:\/\/www.instagram.com\/riffaudturntable\/"]}]}},"_links":{"self":[{"href":"https:\/\/riffaud.eu\/es\/wp-json\/wp\/v2\/product\/20294"}],"collection":[{"href":"https:\/\/riffaud.eu\/es\/wp-json\/wp\/v2\/product"}],"about":[{"href":"https:\/\/riffaud.eu\/es\/wp-json\/wp\/v2\/types\/product"}],"wp:featuredmedia":[{"embeddable":true,"href":"https:\/\/riffaud.eu\/es\/wp-json\/wp\/v2\/media\/20184"}],"wp:attachment":[{"href":"https:\/\/riffaud.eu\/es\/wp-json\/wp\/v2\/media?parent=20294"}],"wp:term":[{"taxonomy":"product_cat","embeddable":true,"href":"https:\/\/riffaud.eu\/es\/wp-json\/wp\/v2\/product_cat?post=20294"},{"taxonomy":"product_tag","embeddable":true,"href":"https:\/\/riffaud.eu\/es\/wp-json\/wp\/v2\/product_tag?post=20294"}],"curies":[{"name":"wp","href":"https:\/\/api.w.org\/{rel}","templated":true}]}}