{"id":20291,"date":"2023-12-02T09:14:07","date_gmt":"2023-12-02T09:14:07","guid":{"rendered":"https:\/\/riffaud.eu\/produit\/intemporal-ii\/"},"modified":"2024-01-02T15:17:19","modified_gmt":"2024-01-02T15:17:19","slug":"intemporelle-ii","status":"publish","type":"product","link":"https:\/\/riffaud.eu\/es\/produit\/intemporelle-ii\/","title":{"rendered":"Intemporelle II"},"content":{"rendered":"<p>INTEMPORELLE II<\/p>\n<p>Este modelo se basa en los principios fundamentales de los dise\u00f1os de Pierre Riffaud:<\/p>\n<p>La masa como principio absoluto,<\/p>\n<p>Transmisi\u00f3n por correa,<\/p>\n<p>Mec\u00e1nica pura,<\/p>\n<p>Estabilidad de velocidad,<\/p>\n<p>Y sin accesorios perif\u00e9ricos electr\u00f3nicos que puedan reducir la vida \u00fatil.<\/p>\n<p>&nbsp;<\/p>\n<p>CREACI\u00d3N DE LA BASE DE DATOS<\/p>\n<p>Adem\u00e1s de un enfoque rigurosamente t\u00e9cnico, Pierre Riffaud acentu\u00f3 su inclinaci\u00f3n art\u00edstica introduciendo nuevos materiales. Entre los que se sometieron a prueba se encontraba el precioso m\u00e1rmol PETIT ANTIQUE NOIR POMP\u00c9IEN de la cantera de H\u00e9chette (Altos Pirineos).<\/p>\n<p>Se trata de una oferta excepcional para cualquier mel\u00f3mano cuya sensibilidad hacia los objetos de arte pueda traducirse en la posesi\u00f3n de un objeto \u00fanico.<\/p>\n<p>&nbsp;<\/p>\n<p>La base se fabrica a partir de un bloque de granito o m\u00e1rmol (por encargo, v\u00e9ase m\u00e1s arriba), mecanizado por CNC y personalizado a mano por un cantero. Acabado pulido hielo.<\/p>\n<p>Se apoya sobre 3 pies equipados con gatos de suspensi\u00f3n de muelles helicoidales ajustables en altura para una nivelaci\u00f3n perfecta.<\/p>\n<p>La transmisi\u00f3n por correa se realiza mediante una polea de perfil convexo (escalonada 33 \/ 45) optimizada para las dimensiones de la correa, y una contraplaca de aluminio, mecanizada con la precisi\u00f3n necesaria para obtener la velocidad exacta, sin deslizamiento.<\/p>\n<p>El di\u00e1metro del plato se ha aumentado a 328 mm para aprovechar su elevada energ\u00eda cin\u00e9tica. Est\u00e1 mecanizado a partir de una barra de aluminio fundido estabilizado de calidad aeron\u00e1utica.<\/p>\n<p>&nbsp;<\/p>\n<p>EL BRAZO DE TONO<\/p>\n<p>Modelo OPUS II<\/p>\n<p>Tipo monopivote sobre ba\u00f1o de silicona,<\/p>\n<p>Cableado interno: Nordost Norse2, pinzas de c\u00e9lula de rodio chapadas en oro,<\/p>\n<p>Con base de montaje que incluye antideslizamiento y ajuste VTA.<\/p>\n<p>Conexi\u00f3n RCA \/RCA a trav\u00e9s de L\u00e9mo<\/p>\n<table>\n<tbody>\n<tr>\n<td width=\"246\">Longitud total<\/td>\n<td width=\"177\">385 mm<\/td>\n<\/tr>\n<tr>\n<td width=\"246\">Longitud efectiva<\/td>\n<td width=\"177\">308,60 mm (12 pulgadas)<\/td>\n<\/tr>\n<tr>\n<td width=\"246\">Distancia del pivote al centro del disco<\/td>\n<td width=\"177\">295,60 mm<\/td>\n<\/tr>\n<tr>\n<td width=\"246\">\u00c1ngulo de desplazamiento<\/td>\n<td width=\"177\">18,5\u00b0<\/td>\n<\/tr>\n<tr>\n<td width=\"246\">Ajuste VTA<\/td>\n<td width=\"177\">0 a 10 mm<\/td>\n<\/tr>\n<tr>\n<td width=\"246\">Masa en movimiento<\/td>\n<td width=\"177\">1150 g<\/td>\n<\/tr>\n<tr>\n<td width=\"246\">\u00c1ngulo de desplazamiento (celda)<\/td>\n<td width=\"177\">17,3\u00b0<\/td>\n<\/tr>\n<tr>\n<td width=\"246\">Voladizo<\/td>\n<td width=\"177\">13 mm<\/td>\n<\/tr>\n<tr>\n<td width=\"246\">Ajuste de la fuerza de apoyo<\/td>\n<td width=\"177\">0,5 \/ 5g<\/td>\n<\/tr>\n<\/tbody>\n<\/table>\n","protected":false},"excerpt":{"rendered":"<p><u>Especificaciones t\u00e9cnicas : <\/u><\/p>\n<p>Alimentaci\u00f3n 230 V 50 Hz<\/p>\n<p>Plataforma giratoria con masa suspendida.<\/p>\n<p>Dimensiones: 400 x 500 mm<\/p>\n<p>Peso total: 36 kg<\/p>\n<p>Motor s\u00edncrono de imanes permanentes de 24 polos totalmente independiente de la base.<\/p>\n<p>Transmisi\u00f3n por correa en la contraplaca interna.<\/p>\n<p>Rodamiento de precisi\u00f3n patentado (n\u00ba FR3092151)<\/p>\n<p>Parte superior s\u00f3lida con alto momento de inercia.<\/p>\n<p>Dos velocidades: 33,33 y 45 rpm desplazando la correa sobre la polea escalonada.<\/p>\n","protected":false},"featured_media":20196,"template":"","meta":[],"product_cat":[118],"product_tag":[],"acf":[],"yoast_head":"<!-- This site is optimized with the Yoast SEO plugin v21.7 - https:\/\/yoast.com\/wordpress\/plugins\/seo\/ -->\n<title>Intemporelle II - Riffaud Turntables<\/title>\n<meta name=\"robots\" content=\"index, follow, max-snippet:-1, max-image-preview:large, max-video-preview:-1\" \/>\n<link rel=\"canonical\" href=\"https:\/\/riffaud.eu\/es\/produit\/intemporelle-ii\/\" \/>\n<meta property=\"og:locale\" content=\"es_ES\" \/>\n<meta property=\"og:type\" content=\"article\" \/>\n<meta property=\"og:title\" content=\"Intemporelle II - Riffaud Turntables\" \/>\n<meta property=\"og:description\" content=\"Especificaciones t\u00e9cnicas :   Alimentaci\u00f3n 230 V 50 Hz  Plataforma giratoria con masa suspendida.  Dimensiones: 400 x 500 mm  Peso total: 36 kg  Motor s\u00edncrono de imanes permanentes de 24 polos totalmente independiente de la base.  Transmisi\u00f3n por correa en la contraplaca interna.  Rodamiento de precisi\u00f3n patentado (n\u00ba FR3092151)  Parte superior s\u00f3lida con alto momento de inercia.  Dos velocidades: 33,33 y 45 rpm desplazando la correa sobre la polea escalonada.\" \/>\n<meta property=\"og:url\" content=\"https:\/\/riffaud.eu\/es\/produit\/intemporelle-ii\/\" \/>\n<meta property=\"og:site_name\" content=\"Riffaud Turntables\" \/>\n<meta property=\"article:publisher\" content=\"https:\/\/www.facebook.com\/RiffaudTurntable\" \/>\n<meta property=\"article:modified_time\" content=\"2024-01-02T15:17:19+00:00\" \/>\n<meta property=\"og:image\" content=\"https:\/\/riffaud.eu\/wp-content\/uploads\/2022\/04\/riffaud_turntable_intemporelle.jpg\" \/>\n\t<meta property=\"og:image:width\" content=\"1080\" \/>\n\t<meta property=\"og:image:height\" content=\"1080\" \/>\n\t<meta property=\"og:image:type\" content=\"image\/jpeg\" \/>\n<meta name=\"twitter:card\" content=\"summary_large_image\" \/>\n<meta name=\"twitter:label1\" content=\"Tiempo de lectura\" \/>\n\t<meta name=\"twitter:data1\" content=\"2 minutos\" \/>\n<script type=\"application\/ld+json\" class=\"yoast-schema-graph\">{\"@context\":\"https:\/\/schema.org\",\"@graph\":[{\"@type\":\"WebPage\",\"@id\":\"https:\/\/riffaud.eu\/es\/produit\/intemporelle-ii\/\",\"url\":\"https:\/\/riffaud.eu\/es\/produit\/intemporelle-ii\/\",\"name\":\"Intemporelle II - Riffaud Turntables\",\"isPartOf\":{\"@id\":\"https:\/\/riffaud.eu\/es\/#website\"},\"datePublished\":\"2023-12-02T09:14:07+00:00\",\"dateModified\":\"2024-01-02T15:17:19+00:00\",\"breadcrumb\":{\"@id\":\"https:\/\/riffaud.eu\/es\/produit\/intemporelle-ii\/#breadcrumb\"},\"inLanguage\":\"es\",\"potentialAction\":[{\"@type\":\"ReadAction\",\"target\":[\"https:\/\/riffaud.eu\/es\/produit\/intemporelle-ii\/\"]}]},{\"@type\":\"BreadcrumbList\",\"@id\":\"https:\/\/riffaud.eu\/es\/produit\/intemporelle-ii\/#breadcrumb\",\"itemListElement\":[{\"@type\":\"ListItem\",\"position\":1,\"name\":\"Accueil\",\"item\":\"https:\/\/riffaud.eu\/es\/\"},{\"@type\":\"ListItem\",\"position\":2,\"name\":\"Tienda\",\"item\":\"https:\/\/riffaud.eu\/es\/tienda\/\"},{\"@type\":\"ListItem\",\"position\":3,\"name\":\"Intemporelle II\"}]},{\"@type\":\"WebSite\",\"@id\":\"https:\/\/riffaud.eu\/es\/#website\",\"url\":\"https:\/\/riffaud.eu\/es\/\",\"name\":\"Riffaud Turntables\",\"description\":\"Createur de passion\",\"publisher\":{\"@id\":\"https:\/\/riffaud.eu\/es\/#organization\"},\"potentialAction\":[{\"@type\":\"SearchAction\",\"target\":{\"@type\":\"EntryPoint\",\"urlTemplate\":\"https:\/\/riffaud.eu\/es\/?s={search_term_string}\"},\"query-input\":\"required name=search_term_string\"}],\"inLanguage\":\"es\"},{\"@type\":\"Organization\",\"@id\":\"https:\/\/riffaud.eu\/es\/#organization\",\"name\":\"Riffaud Turntables\",\"url\":\"https:\/\/riffaud.eu\/es\/\",\"logo\":{\"@type\":\"ImageObject\",\"inLanguage\":\"es\",\"@id\":\"https:\/\/riffaud.eu\/es\/#\/schema\/logo\/image\/\",\"url\":\"http:\/\/riffaud.eu\/wp-content\/uploads\/2020\/08\/logo-Riffaud.png\",\"contentUrl\":\"http:\/\/riffaud.eu\/wp-content\/uploads\/2020\/08\/logo-Riffaud.png\",\"width\":320,\"height\":86,\"caption\":\"Riffaud Turntables\"},\"image\":{\"@id\":\"https:\/\/riffaud.eu\/es\/#\/schema\/logo\/image\/\"},\"sameAs\":[\"https:\/\/www.facebook.com\/RiffaudTurntable\",\"https:\/\/www.instagram.com\/riffaudturntable\/\"]}]}<\/script>\n<!-- \/ Yoast SEO plugin. -->","yoast_head_json":{"title":"Intemporelle II - Riffaud Turntables","robots":{"index":"index","follow":"follow","max-snippet":"max-snippet:-1","max-image-preview":"max-image-preview:large","max-video-preview":"max-video-preview:-1"},"canonical":"https:\/\/riffaud.eu\/es\/produit\/intemporelle-ii\/","og_locale":"es_ES","og_type":"article","og_title":"Intemporelle II - Riffaud Turntables","og_description":"Especificaciones t\u00e9cnicas :   Alimentaci\u00f3n 230 V 50 Hz  Plataforma giratoria con masa suspendida.  Dimensiones: 400 x 500 mm  Peso total: 36 kg  Motor s\u00edncrono de imanes permanentes de 24 polos totalmente independiente de la base.  Transmisi\u00f3n por correa en la contraplaca interna.  Rodamiento de precisi\u00f3n patentado (n\u00ba FR3092151)  Parte superior s\u00f3lida con alto momento de inercia.  Dos velocidades: 33,33 y 45 rpm desplazando la correa sobre la polea escalonada.","og_url":"https:\/\/riffaud.eu\/es\/produit\/intemporelle-ii\/","og_site_name":"Riffaud Turntables","article_publisher":"https:\/\/www.facebook.com\/RiffaudTurntable","article_modified_time":"2024-01-02T15:17:19+00:00","og_image":[{"width":1080,"height":1080,"url":"https:\/\/riffaud.eu\/wp-content\/uploads\/2022\/04\/riffaud_turntable_intemporelle.jpg","type":"image\/jpeg"}],"twitter_card":"summary_large_image","twitter_misc":{"Tiempo de lectura":"2 minutos"},"schema":{"@context":"https:\/\/schema.org","@graph":[{"@type":"WebPage","@id":"https:\/\/riffaud.eu\/es\/produit\/intemporelle-ii\/","url":"https:\/\/riffaud.eu\/es\/produit\/intemporelle-ii\/","name":"Intemporelle II - Riffaud Turntables","isPartOf":{"@id":"https:\/\/riffaud.eu\/es\/#website"},"datePublished":"2023-12-02T09:14:07+00:00","dateModified":"2024-01-02T15:17:19+00:00","breadcrumb":{"@id":"https:\/\/riffaud.eu\/es\/produit\/intemporelle-ii\/#breadcrumb"},"inLanguage":"es","potentialAction":[{"@type":"ReadAction","target":["https:\/\/riffaud.eu\/es\/produit\/intemporelle-ii\/"]}]},{"@type":"BreadcrumbList","@id":"https:\/\/riffaud.eu\/es\/produit\/intemporelle-ii\/#breadcrumb","itemListElement":[{"@type":"ListItem","position":1,"name":"Accueil","item":"https:\/\/riffaud.eu\/es\/"},{"@type":"ListItem","position":2,"name":"Tienda","item":"https:\/\/riffaud.eu\/es\/tienda\/"},{"@type":"ListItem","position":3,"name":"Intemporelle II"}]},{"@type":"WebSite","@id":"https:\/\/riffaud.eu\/es\/#website","url":"https:\/\/riffaud.eu\/es\/","name":"Riffaud Turntables","description":"Createur de passion","publisher":{"@id":"https:\/\/riffaud.eu\/es\/#organization"},"potentialAction":[{"@type":"SearchAction","target":{"@type":"EntryPoint","urlTemplate":"https:\/\/riffaud.eu\/es\/?s={search_term_string}"},"query-input":"required name=search_term_string"}],"inLanguage":"es"},{"@type":"Organization","@id":"https:\/\/riffaud.eu\/es\/#organization","name":"Riffaud Turntables","url":"https:\/\/riffaud.eu\/es\/","logo":{"@type":"ImageObject","inLanguage":"es","@id":"https:\/\/riffaud.eu\/es\/#\/schema\/logo\/image\/","url":"http:\/\/riffaud.eu\/wp-content\/uploads\/2020\/08\/logo-Riffaud.png","contentUrl":"http:\/\/riffaud.eu\/wp-content\/uploads\/2020\/08\/logo-Riffaud.png","width":320,"height":86,"caption":"Riffaud Turntables"},"image":{"@id":"https:\/\/riffaud.eu\/es\/#\/schema\/logo\/image\/"},"sameAs":["https:\/\/www.facebook.com\/RiffaudTurntable","https:\/\/www.instagram.com\/riffaudturntable\/"]}]}},"_links":{"self":[{"href":"https:\/\/riffaud.eu\/es\/wp-json\/wp\/v2\/product\/20291"}],"collection":[{"href":"https:\/\/riffaud.eu\/es\/wp-json\/wp\/v2\/product"}],"about":[{"href":"https:\/\/riffaud.eu\/es\/wp-json\/wp\/v2\/types\/product"}],"wp:featuredmedia":[{"embeddable":true,"href":"https:\/\/riffaud.eu\/es\/wp-json\/wp\/v2\/media\/20196"}],"wp:attachment":[{"href":"https:\/\/riffaud.eu\/es\/wp-json\/wp\/v2\/media?parent=20291"}],"wp:term":[{"taxonomy":"product_cat","embeddable":true,"href":"https:\/\/riffaud.eu\/es\/wp-json\/wp\/v2\/product_cat?post=20291"},{"taxonomy":"product_tag","embeddable":true,"href":"https:\/\/riffaud.eu\/es\/wp-json\/wp\/v2\/product_tag?post=20291"}],"curies":[{"name":"wp","href":"https:\/\/api.w.org\/{rel}","templated":true}]}}