{"id":20289,"date":"2023-12-04T10:25:04","date_gmt":"2023-12-04T10:25:04","guid":{"rendered":"https:\/\/riffaud.eu\/produit\/saturno\/"},"modified":"2024-01-02T15:18:08","modified_gmt":"2024-01-02T15:18:08","slug":"saturn","status":"publish","type":"product","link":"https:\/\/riffaud.eu\/es\/produit\/saturn\/","title":{"rendered":"Saturn"},"content":{"rendered":"<p>Para estimular sus emociones y multiplicar por diez el placer de escuchar sus discos de vinilo, Pierre Riffaud trabaj\u00f3 durante mucho tiempo en este modelo excepcional.<\/p>\n<p>Fabricado por encargo y seg\u00fan especificaciones personalizadas, el <strong><br \/>\n<em>Saturn<\/em><br \/>\n<\/strong> de Pierre RIFFAUD utiliza los mejores materiales: una base t\u00e9cnica de granito negro de Zimbabue, un bloque motor de acero inoxidable, una base de brazo de lat\u00f3n cromado y un plato de aluminio macizo \u00abAviation Grade\u00bb. Se estrenar\u00e1 en el Festival Son &amp; Image 2016. El concepto de masa mec\u00e1nica apreciado por este dise\u00f1ador se expresa aqu\u00ed plenamente: para obtener una insensibilidad total a las excitaciones vibratorias externas, el <strong><br \/>\n<em>Saturn<\/em><br \/>\n<\/strong> est\u00e1 suspendido de una masa de 75 kg mediante tres pies amortiguadores provistos de muelles helicoidales regulables en altura. La perfecta estabilidad de la velocidad se consigue gracias al efecto combinado del plato de gran di\u00e1metro de 26 kg sobre la repulsi\u00f3n magn\u00e9tica y el volante de inercia sobre la polea del motor. Equipada de serie con el brazo RIFFAUD Signature, un brazo unipivotante de 12 pulgadas sobre ba\u00f1era de silicona, cuya parte m\u00f3vil es intercambiable en cuesti\u00f3n de segundos, tambi\u00e9n puede equiparse con cualquier otro brazo del mercado a elecci\u00f3n del usuario. Es suficiente para satisfacer tanto a los audi\u00f3filos apasionados por las c\u00e9lulas como a los coleccionistas de grabaciones en mono o ceras de 78 rpm, sin tener que realizar tediosos ajustes cada vez que se cambia la c\u00e9lula. Este tocadiscos sigue la estela de los superlativos objetos creados por Pierre Riffaud, conservando un excepcional sentido de las proporciones. La mec\u00e1nica es pura, el dise\u00f1o es riguroso, con \u00e9nfasis en la sencillez, y la producci\u00f3n es de la m\u00e1xima calidad. Deje pasar de seis a diez meses&#8230; y muebles estables para soportar los 85 kg del <strong><br \/>\n<em>peso de Saturno.<\/em><br \/>\n<\/strong><\/p>\n","protected":false},"excerpt":{"rendered":"<p>Para estimular sus emociones y multiplicar por diez el placer de escuchar sus discos de vinilo, Pierre Riffaud trabaj\u00f3 durante [&hellip;]<\/p>\n","protected":false},"featured_media":20198,"template":"","meta":[],"product_cat":[118],"product_tag":[],"acf":[],"yoast_head":"<!-- This site is optimized with the Yoast SEO plugin v21.7 - https:\/\/yoast.com\/wordpress\/plugins\/seo\/ -->\n<title>Saturn - Riffaud Turntables<\/title>\n<meta name=\"robots\" content=\"index, follow, max-snippet:-1, max-image-preview:large, max-video-preview:-1\" \/>\n<link rel=\"canonical\" href=\"https:\/\/riffaud.eu\/es\/produit\/saturn\/\" \/>\n<meta property=\"og:locale\" content=\"es_ES\" \/>\n<meta property=\"og:type\" content=\"article\" \/>\n<meta property=\"og:title\" content=\"Saturn - Riffaud Turntables\" \/>\n<meta property=\"og:description\" content=\"Para estimular sus emociones y multiplicar por diez el placer de escuchar sus discos de vinilo, Pierre Riffaud trabaj\u00f3 durante [&hellip;]\" \/>\n<meta property=\"og:url\" content=\"https:\/\/riffaud.eu\/es\/produit\/saturn\/\" \/>\n<meta property=\"og:site_name\" content=\"Riffaud Turntables\" \/>\n<meta property=\"article:publisher\" content=\"https:\/\/www.facebook.com\/RiffaudTurntable\" \/>\n<meta property=\"article:modified_time\" content=\"2024-01-02T15:18:08+00:00\" \/>\n<meta property=\"og:image\" content=\"https:\/\/riffaud.eu\/wp-content\/uploads\/2022\/04\/riffaud_turnable_saturn.jpg\" \/>\n\t<meta property=\"og:image:width\" content=\"1080\" \/>\n\t<meta property=\"og:image:height\" content=\"1080\" \/>\n\t<meta property=\"og:image:type\" content=\"image\/jpeg\" \/>\n<meta name=\"twitter:card\" content=\"summary_large_image\" \/>\n<meta name=\"twitter:label1\" content=\"Tiempo de lectura\" \/>\n\t<meta name=\"twitter:data1\" content=\"2 minutos\" \/>\n<script type=\"application\/ld+json\" class=\"yoast-schema-graph\">{\"@context\":\"https:\/\/schema.org\",\"@graph\":[{\"@type\":\"WebPage\",\"@id\":\"https:\/\/riffaud.eu\/es\/produit\/saturn\/\",\"url\":\"https:\/\/riffaud.eu\/es\/produit\/saturn\/\",\"name\":\"Saturn - Riffaud Turntables\",\"isPartOf\":{\"@id\":\"https:\/\/riffaud.eu\/es\/#website\"},\"datePublished\":\"2023-12-04T10:25:04+00:00\",\"dateModified\":\"2024-01-02T15:18:08+00:00\",\"breadcrumb\":{\"@id\":\"https:\/\/riffaud.eu\/es\/produit\/saturn\/#breadcrumb\"},\"inLanguage\":\"es\",\"potentialAction\":[{\"@type\":\"ReadAction\",\"target\":[\"https:\/\/riffaud.eu\/es\/produit\/saturn\/\"]}]},{\"@type\":\"BreadcrumbList\",\"@id\":\"https:\/\/riffaud.eu\/es\/produit\/saturn\/#breadcrumb\",\"itemListElement\":[{\"@type\":\"ListItem\",\"position\":1,\"name\":\"Accueil\",\"item\":\"https:\/\/riffaud.eu\/es\/\"},{\"@type\":\"ListItem\",\"position\":2,\"name\":\"Tienda\",\"item\":\"https:\/\/riffaud.eu\/es\/tienda\/\"},{\"@type\":\"ListItem\",\"position\":3,\"name\":\"Saturn\"}]},{\"@type\":\"WebSite\",\"@id\":\"https:\/\/riffaud.eu\/es\/#website\",\"url\":\"https:\/\/riffaud.eu\/es\/\",\"name\":\"Riffaud Turntables\",\"description\":\"Createur de passion\",\"publisher\":{\"@id\":\"https:\/\/riffaud.eu\/es\/#organization\"},\"potentialAction\":[{\"@type\":\"SearchAction\",\"target\":{\"@type\":\"EntryPoint\",\"urlTemplate\":\"https:\/\/riffaud.eu\/es\/?s={search_term_string}\"},\"query-input\":\"required name=search_term_string\"}],\"inLanguage\":\"es\"},{\"@type\":\"Organization\",\"@id\":\"https:\/\/riffaud.eu\/es\/#organization\",\"name\":\"Riffaud Turntables\",\"url\":\"https:\/\/riffaud.eu\/es\/\",\"logo\":{\"@type\":\"ImageObject\",\"inLanguage\":\"es\",\"@id\":\"https:\/\/riffaud.eu\/es\/#\/schema\/logo\/image\/\",\"url\":\"http:\/\/riffaud.eu\/wp-content\/uploads\/2020\/08\/logo-Riffaud.png\",\"contentUrl\":\"http:\/\/riffaud.eu\/wp-content\/uploads\/2020\/08\/logo-Riffaud.png\",\"width\":320,\"height\":86,\"caption\":\"Riffaud Turntables\"},\"image\":{\"@id\":\"https:\/\/riffaud.eu\/es\/#\/schema\/logo\/image\/\"},\"sameAs\":[\"https:\/\/www.facebook.com\/RiffaudTurntable\",\"https:\/\/www.instagram.com\/riffaudturntable\/\"]}]}<\/script>\n<!-- \/ Yoast SEO plugin. -->","yoast_head_json":{"title":"Saturn - Riffaud Turntables","robots":{"index":"index","follow":"follow","max-snippet":"max-snippet:-1","max-image-preview":"max-image-preview:large","max-video-preview":"max-video-preview:-1"},"canonical":"https:\/\/riffaud.eu\/es\/produit\/saturn\/","og_locale":"es_ES","og_type":"article","og_title":"Saturn - Riffaud Turntables","og_description":"Para estimular sus emociones y multiplicar por diez el placer de escuchar sus discos de vinilo, Pierre Riffaud trabaj\u00f3 durante [&hellip;]","og_url":"https:\/\/riffaud.eu\/es\/produit\/saturn\/","og_site_name":"Riffaud Turntables","article_publisher":"https:\/\/www.facebook.com\/RiffaudTurntable","article_modified_time":"2024-01-02T15:18:08+00:00","og_image":[{"width":1080,"height":1080,"url":"https:\/\/riffaud.eu\/wp-content\/uploads\/2022\/04\/riffaud_turnable_saturn.jpg","type":"image\/jpeg"}],"twitter_card":"summary_large_image","twitter_misc":{"Tiempo de lectura":"2 minutos"},"schema":{"@context":"https:\/\/schema.org","@graph":[{"@type":"WebPage","@id":"https:\/\/riffaud.eu\/es\/produit\/saturn\/","url":"https:\/\/riffaud.eu\/es\/produit\/saturn\/","name":"Saturn - Riffaud Turntables","isPartOf":{"@id":"https:\/\/riffaud.eu\/es\/#website"},"datePublished":"2023-12-04T10:25:04+00:00","dateModified":"2024-01-02T15:18:08+00:00","breadcrumb":{"@id":"https:\/\/riffaud.eu\/es\/produit\/saturn\/#breadcrumb"},"inLanguage":"es","potentialAction":[{"@type":"ReadAction","target":["https:\/\/riffaud.eu\/es\/produit\/saturn\/"]}]},{"@type":"BreadcrumbList","@id":"https:\/\/riffaud.eu\/es\/produit\/saturn\/#breadcrumb","itemListElement":[{"@type":"ListItem","position":1,"name":"Accueil","item":"https:\/\/riffaud.eu\/es\/"},{"@type":"ListItem","position":2,"name":"Tienda","item":"https:\/\/riffaud.eu\/es\/tienda\/"},{"@type":"ListItem","position":3,"name":"Saturn"}]},{"@type":"WebSite","@id":"https:\/\/riffaud.eu\/es\/#website","url":"https:\/\/riffaud.eu\/es\/","name":"Riffaud Turntables","description":"Createur de passion","publisher":{"@id":"https:\/\/riffaud.eu\/es\/#organization"},"potentialAction":[{"@type":"SearchAction","target":{"@type":"EntryPoint","urlTemplate":"https:\/\/riffaud.eu\/es\/?s={search_term_string}"},"query-input":"required name=search_term_string"}],"inLanguage":"es"},{"@type":"Organization","@id":"https:\/\/riffaud.eu\/es\/#organization","name":"Riffaud Turntables","url":"https:\/\/riffaud.eu\/es\/","logo":{"@type":"ImageObject","inLanguage":"es","@id":"https:\/\/riffaud.eu\/es\/#\/schema\/logo\/image\/","url":"http:\/\/riffaud.eu\/wp-content\/uploads\/2020\/08\/logo-Riffaud.png","contentUrl":"http:\/\/riffaud.eu\/wp-content\/uploads\/2020\/08\/logo-Riffaud.png","width":320,"height":86,"caption":"Riffaud Turntables"},"image":{"@id":"https:\/\/riffaud.eu\/es\/#\/schema\/logo\/image\/"},"sameAs":["https:\/\/www.facebook.com\/RiffaudTurntable","https:\/\/www.instagram.com\/riffaudturntable\/"]}]}},"_links":{"self":[{"href":"https:\/\/riffaud.eu\/es\/wp-json\/wp\/v2\/product\/20289"}],"collection":[{"href":"https:\/\/riffaud.eu\/es\/wp-json\/wp\/v2\/product"}],"about":[{"href":"https:\/\/riffaud.eu\/es\/wp-json\/wp\/v2\/types\/product"}],"wp:featuredmedia":[{"embeddable":true,"href":"https:\/\/riffaud.eu\/es\/wp-json\/wp\/v2\/media\/20198"}],"wp:attachment":[{"href":"https:\/\/riffaud.eu\/es\/wp-json\/wp\/v2\/media?parent=20289"}],"wp:term":[{"taxonomy":"product_cat","embeddable":true,"href":"https:\/\/riffaud.eu\/es\/wp-json\/wp\/v2\/product_cat?post=20289"},{"taxonomy":"product_tag","embeddable":true,"href":"https:\/\/riffaud.eu\/es\/wp-json\/wp\/v2\/product_tag?post=20289"}],"curies":[{"name":"wp","href":"https:\/\/api.w.org\/{rel}","templated":true}]}}