{"id":20271,"date":"2023-12-08T10:11:44","date_gmt":"2023-12-08T10:11:44","guid":{"rendered":"https:\/\/riffaud.eu\/produit\/micpormat\/"},"modified":"2024-01-08T11:36:58","modified_gmt":"2024-01-08T11:36:58","slug":"micpormat","status":"publish","type":"product","link":"https:\/\/riffaud.eu\/es\/produit\/micpormat\/","title":{"rendered":"Micpormat"},"content":{"rendered":"<p>La cubierta de plato Riffaud Micpormat (1) es la interfaz perfecta entre el disco de vinilo y el plato met\u00e1lico de su giradiscos. Es un sustituto ideal de las alfombrillas de fieltro o goma u otros equipos originales.<\/p>\n<p>&nbsp;<\/p>\n<p><u>Explicaci\u00f3n:<\/u><\/p>\n<p>El viaje del diamante en el surco no es un paseo por el parque. En los fortissimos orquestales, por ejemplo, o en los solos de bater\u00eda, est\u00e1 sometido a aceleraciones fenomenales, cuya energ\u00eda mec\u00e1nica se transforma en resonancias en el propio disco. Estas resonancias crean una especie de eco que se superpone al mensaje inicial emitido por la c\u00e9lula. A continuaci\u00f3n, el sistema de reproducci\u00f3n amplifica el conjunto y, como ya habr\u00e1s comprobado, es imposible aumentar el volumen sin aumentar la distorsi\u00f3n.<\/p>\n<p><u>Tecnolog\u00eda :  <\/u><\/p>\n<p>Gracias a su estructura molecular microporosa a base de cloruro de vinilo, la cubierta del plato Micpormat Riffaud absorbe eficazmente esta energ\u00eda, por lo que las resonancias ya no alteran la m\u00fasica, lo que elimina las coloraciones. Obtendr\u00e1 un sonido m\u00e1s puro, con m\u00e1s din\u00e1mica, para que pueda escuchar m\u00e1s alto sin distorsiones.<\/p>\n<p>&nbsp;<\/p>\n<p>Especialmente dise\u00f1ado para giradiscos de vinilo RIFFAUD, para que pueda disfrutar de su sonido puro, es perfectamente compatible con giradiscos con borde saliente (por ejemplo, Garrard 301 \/ 401), y se adapta a todos los giradiscos de vinilo con brazo de altura ajustable (VTA).<\/p>\n","protected":false},"excerpt":{"rendered":"<p>Dimensiones: \u00d8293 mm x 5 mm (grosor)<\/p>\n<p>Peso neto: 180 g Peso envasado: 400 g<\/p>\n<p>Dimensiones de la caja : 330x 330 x 28<\/p>\n","protected":false},"featured_media":20186,"template":"","meta":[],"product_brand":[],"product_cat":[120],"product_tag":[],"class_list":{"0":"post-20271","1":"product","2":"type-product","3":"status-publish","4":"has-post-thumbnail","6":"product_cat-accesorios","8":"first","9":"instock","10":"taxable","11":"shipping-taxable","12":"purchasable","13":"product-type-simple"},"acf":[],"yoast_head":"<!-- This site is optimized with the Yoast SEO plugin v27.5 - https:\/\/yoast.com\/product\/yoast-seo-wordpress\/ -->\n<title>Funda para tocadiscos Riffaud - Micpormat<\/title>\n<meta name=\"description\" content=\"La cubierta de plato Riffaud Micpormat (1) es la interfaz perfecta entre el disco de vinilo y el plato met\u00e1lico de su giradiscos.\" \/>\n<meta name=\"robots\" content=\"index, follow, max-snippet:-1, max-image-preview:large, max-video-preview:-1\" \/>\n<link rel=\"canonical\" href=\"https:\/\/riffaud.eu\/es\/produit\/micpormat\/\" \/>\n<meta property=\"og:locale\" content=\"es_ES\" \/>\n<meta property=\"og:type\" content=\"article\" \/>\n<meta property=\"og:title\" content=\"Funda para tocadiscos Riffaud - Micpormat\" \/>\n<meta property=\"og:description\" content=\"La cubierta de plato Riffaud Micpormat (1) es la interfaz perfecta entre el disco de vinilo y el plato met\u00e1lico de su giradiscos.\" \/>\n<meta property=\"og:url\" content=\"https:\/\/riffaud.eu\/es\/produit\/micpormat\/\" \/>\n<meta property=\"og:site_name\" content=\"Riffaud Turntables\" \/>\n<meta property=\"article:publisher\" content=\"https:\/\/www.facebook.com\/RiffaudTurntable\" \/>\n<meta property=\"article:modified_time\" content=\"2024-01-08T11:36:58+00:00\" \/>\n<meta property=\"og:image\" content=\"https:\/\/riffaud.eu\/wp-content\/uploads\/2022\/04\/riffaud_turntable_micopormat_couvre_plateau.jpg\" \/>\n\t<meta property=\"og:image:width\" content=\"1080\" \/>\n\t<meta property=\"og:image:height\" content=\"1080\" \/>\n\t<meta property=\"og:image:type\" content=\"image\/jpeg\" \/>\n<meta name=\"twitter:card\" content=\"summary_large_image\" \/>\n<meta name=\"twitter:label1\" content=\"Tiempo de lectura\" \/>\n\t<meta name=\"twitter:data1\" content=\"1 minuto\" \/>\n<script type=\"application\/ld+json\" class=\"yoast-schema-graph\">{\"@context\":\"https:\\\/\\\/schema.org\",\"@graph\":[{\"@type\":\"WebPage\",\"@id\":\"https:\\\/\\\/riffaud.eu\\\/es\\\/produit\\\/micpormat\\\/\",\"url\":\"https:\\\/\\\/riffaud.eu\\\/es\\\/produit\\\/micpormat\\\/\",\"name\":\"Funda para tocadiscos Riffaud - Micpormat\",\"isPartOf\":{\"@id\":\"https:\\\/\\\/riffaud.eu\\\/es\\\/#website\"},\"primaryImageOfPage\":{\"@id\":\"https:\\\/\\\/riffaud.eu\\\/es\\\/produit\\\/micpormat\\\/#primaryimage\"},\"image\":{\"@id\":\"https:\\\/\\\/riffaud.eu\\\/es\\\/produit\\\/micpormat\\\/#primaryimage\"},\"thumbnailUrl\":\"https:\\\/\\\/riffaud.eu\\\/wp-content\\\/uploads\\\/2022\\\/04\\\/riffaud_turntable_micopormat_couvre_plateau.jpg\",\"datePublished\":\"2023-12-08T10:11:44+00:00\",\"dateModified\":\"2024-01-08T11:36:58+00:00\",\"description\":\"La cubierta de plato Riffaud Micpormat (1) es la interfaz perfecta entre el disco de vinilo y el plato met\u00e1lico de su giradiscos.\",\"breadcrumb\":{\"@id\":\"https:\\\/\\\/riffaud.eu\\\/es\\\/produit\\\/micpormat\\\/#breadcrumb\"},\"inLanguage\":\"es\",\"potentialAction\":[{\"@type\":\"ReadAction\",\"target\":[\"https:\\\/\\\/riffaud.eu\\\/es\\\/produit\\\/micpormat\\\/\"]}]},{\"@type\":\"ImageObject\",\"inLanguage\":\"es\",\"@id\":\"https:\\\/\\\/riffaud.eu\\\/es\\\/produit\\\/micpormat\\\/#primaryimage\",\"url\":\"https:\\\/\\\/riffaud.eu\\\/wp-content\\\/uploads\\\/2022\\\/04\\\/riffaud_turntable_micopormat_couvre_plateau.jpg\",\"contentUrl\":\"https:\\\/\\\/riffaud.eu\\\/wp-content\\\/uploads\\\/2022\\\/04\\\/riffaud_turntable_micopormat_couvre_plateau.jpg\",\"width\":1080,\"height\":1080,\"caption\":\"micpormat riffaud tapa giradiscos\"},{\"@type\":\"BreadcrumbList\",\"@id\":\"https:\\\/\\\/riffaud.eu\\\/es\\\/produit\\\/micpormat\\\/#breadcrumb\",\"itemListElement\":[{\"@type\":\"ListItem\",\"position\":1,\"name\":\"Accueil\",\"item\":\"https:\\\/\\\/riffaud.eu\\\/es\\\/riffaud\\\/\"},{\"@type\":\"ListItem\",\"position\":2,\"name\":\"Shop\",\"item\":\"https:\\\/\\\/riffaud.eu\\\/shop\\\/\"},{\"@type\":\"ListItem\",\"position\":3,\"name\":\"Micpormat\"}]},{\"@type\":\"WebSite\",\"@id\":\"https:\\\/\\\/riffaud.eu\\\/es\\\/#website\",\"url\":\"https:\\\/\\\/riffaud.eu\\\/es\\\/\",\"name\":\"Riffaud Turntables\",\"description\":\"Createur de passion\",\"publisher\":{\"@id\":\"https:\\\/\\\/riffaud.eu\\\/es\\\/#organization\"},\"potentialAction\":[{\"@type\":\"SearchAction\",\"target\":{\"@type\":\"EntryPoint\",\"urlTemplate\":\"https:\\\/\\\/riffaud.eu\\\/es\\\/?s={search_term_string}\"},\"query-input\":{\"@type\":\"PropertyValueSpecification\",\"valueRequired\":true,\"valueName\":\"search_term_string\"}}],\"inLanguage\":\"es\"},{\"@type\":\"Organization\",\"@id\":\"https:\\\/\\\/riffaud.eu\\\/es\\\/#organization\",\"name\":\"Riffaud Turntables\",\"url\":\"https:\\\/\\\/riffaud.eu\\\/es\\\/\",\"logo\":{\"@type\":\"ImageObject\",\"inLanguage\":\"es\",\"@id\":\"https:\\\/\\\/riffaud.eu\\\/es\\\/#\\\/schema\\\/logo\\\/image\\\/\",\"url\":\"http:\\\/\\\/riffaud.eu\\\/wp-content\\\/uploads\\\/2020\\\/08\\\/logo-Riffaud.png\",\"contentUrl\":\"http:\\\/\\\/riffaud.eu\\\/wp-content\\\/uploads\\\/2020\\\/08\\\/logo-Riffaud.png\",\"width\":320,\"height\":86,\"caption\":\"Riffaud Turntables\"},\"image\":{\"@id\":\"https:\\\/\\\/riffaud.eu\\\/es\\\/#\\\/schema\\\/logo\\\/image\\\/\"},\"sameAs\":[\"https:\\\/\\\/www.facebook.com\\\/RiffaudTurntable\",\"https:\\\/\\\/www.instagram.com\\\/riffaudturntable\\\/\"]}]}<\/script>\n<!-- \/ Yoast SEO plugin. -->","yoast_head_json":{"title":"Funda para tocadiscos Riffaud - Micpormat","description":"La cubierta de plato Riffaud Micpormat (1) es la interfaz perfecta entre el disco de vinilo y el plato met\u00e1lico de su giradiscos.","robots":{"index":"index","follow":"follow","max-snippet":"max-snippet:-1","max-image-preview":"max-image-preview:large","max-video-preview":"max-video-preview:-1"},"canonical":"https:\/\/riffaud.eu\/es\/produit\/micpormat\/","og_locale":"es_ES","og_type":"article","og_title":"Funda para tocadiscos Riffaud - Micpormat","og_description":"La cubierta de plato Riffaud Micpormat (1) es la interfaz perfecta entre el disco de vinilo y el plato met\u00e1lico de su giradiscos.","og_url":"https:\/\/riffaud.eu\/es\/produit\/micpormat\/","og_site_name":"Riffaud Turntables","article_publisher":"https:\/\/www.facebook.com\/RiffaudTurntable","article_modified_time":"2024-01-08T11:36:58+00:00","og_image":[{"width":1080,"height":1080,"url":"https:\/\/riffaud.eu\/wp-content\/uploads\/2022\/04\/riffaud_turntable_micopormat_couvre_plateau.jpg","type":"image\/jpeg"}],"twitter_card":"summary_large_image","twitter_misc":{"Tiempo de lectura":"1 minuto"},"schema":{"@context":"https:\/\/schema.org","@graph":[{"@type":"WebPage","@id":"https:\/\/riffaud.eu\/es\/produit\/micpormat\/","url":"https:\/\/riffaud.eu\/es\/produit\/micpormat\/","name":"Funda para tocadiscos Riffaud - Micpormat","isPartOf":{"@id":"https:\/\/riffaud.eu\/es\/#website"},"primaryImageOfPage":{"@id":"https:\/\/riffaud.eu\/es\/produit\/micpormat\/#primaryimage"},"image":{"@id":"https:\/\/riffaud.eu\/es\/produit\/micpormat\/#primaryimage"},"thumbnailUrl":"https:\/\/riffaud.eu\/wp-content\/uploads\/2022\/04\/riffaud_turntable_micopormat_couvre_plateau.jpg","datePublished":"2023-12-08T10:11:44+00:00","dateModified":"2024-01-08T11:36:58+00:00","description":"La cubierta de plato Riffaud Micpormat (1) es la interfaz perfecta entre el disco de vinilo y el plato met\u00e1lico de su giradiscos.","breadcrumb":{"@id":"https:\/\/riffaud.eu\/es\/produit\/micpormat\/#breadcrumb"},"inLanguage":"es","potentialAction":[{"@type":"ReadAction","target":["https:\/\/riffaud.eu\/es\/produit\/micpormat\/"]}]},{"@type":"ImageObject","inLanguage":"es","@id":"https:\/\/riffaud.eu\/es\/produit\/micpormat\/#primaryimage","url":"https:\/\/riffaud.eu\/wp-content\/uploads\/2022\/04\/riffaud_turntable_micopormat_couvre_plateau.jpg","contentUrl":"https:\/\/riffaud.eu\/wp-content\/uploads\/2022\/04\/riffaud_turntable_micopormat_couvre_plateau.jpg","width":1080,"height":1080,"caption":"micpormat riffaud tapa giradiscos"},{"@type":"BreadcrumbList","@id":"https:\/\/riffaud.eu\/es\/produit\/micpormat\/#breadcrumb","itemListElement":[{"@type":"ListItem","position":1,"name":"Accueil","item":"https:\/\/riffaud.eu\/es\/riffaud\/"},{"@type":"ListItem","position":2,"name":"Shop","item":"https:\/\/riffaud.eu\/shop\/"},{"@type":"ListItem","position":3,"name":"Micpormat"}]},{"@type":"WebSite","@id":"https:\/\/riffaud.eu\/es\/#website","url":"https:\/\/riffaud.eu\/es\/","name":"Riffaud Turntables","description":"Createur de passion","publisher":{"@id":"https:\/\/riffaud.eu\/es\/#organization"},"potentialAction":[{"@type":"SearchAction","target":{"@type":"EntryPoint","urlTemplate":"https:\/\/riffaud.eu\/es\/?s={search_term_string}"},"query-input":{"@type":"PropertyValueSpecification","valueRequired":true,"valueName":"search_term_string"}}],"inLanguage":"es"},{"@type":"Organization","@id":"https:\/\/riffaud.eu\/es\/#organization","name":"Riffaud Turntables","url":"https:\/\/riffaud.eu\/es\/","logo":{"@type":"ImageObject","inLanguage":"es","@id":"https:\/\/riffaud.eu\/es\/#\/schema\/logo\/image\/","url":"http:\/\/riffaud.eu\/wp-content\/uploads\/2020\/08\/logo-Riffaud.png","contentUrl":"http:\/\/riffaud.eu\/wp-content\/uploads\/2020\/08\/logo-Riffaud.png","width":320,"height":86,"caption":"Riffaud Turntables"},"image":{"@id":"https:\/\/riffaud.eu\/es\/#\/schema\/logo\/image\/"},"sameAs":["https:\/\/www.facebook.com\/RiffaudTurntable","https:\/\/www.instagram.com\/riffaudturntable\/"]}]}},"_links":{"self":[{"href":"https:\/\/riffaud.eu\/es\/wp-json\/wp\/v2\/product\/20271","targetHints":{"allow":["GET"]}}],"collection":[{"href":"https:\/\/riffaud.eu\/es\/wp-json\/wp\/v2\/product"}],"about":[{"href":"https:\/\/riffaud.eu\/es\/wp-json\/wp\/v2\/types\/product"}],"wp:featuredmedia":[{"embeddable":true,"href":"https:\/\/riffaud.eu\/es\/wp-json\/wp\/v2\/media\/20186"}],"wp:attachment":[{"href":"https:\/\/riffaud.eu\/es\/wp-json\/wp\/v2\/media?parent=20271"}],"wp:term":[{"taxonomy":"product_brand","embeddable":true,"href":"https:\/\/riffaud.eu\/es\/wp-json\/wp\/v2\/product_brand?post=20271"},{"taxonomy":"product_cat","embeddable":true,"href":"https:\/\/riffaud.eu\/es\/wp-json\/wp\/v2\/product_cat?post=20271"},{"taxonomy":"product_tag","embeddable":true,"href":"https:\/\/riffaud.eu\/es\/wp-json\/wp\/v2\/product_tag?post=20271"}],"curies":[{"name":"wp","href":"https:\/\/api.w.org\/{rel}","templated":true}]}}