{"id":20270,"date":"2023-12-06T11:44:01","date_gmt":"2023-12-06T11:44:01","guid":{"rendered":"https:\/\/riffaud.eu\/produit\/patrimonio\/"},"modified":"2024-01-02T15:18:27","modified_gmt":"2024-01-02T15:18:27","slug":"heritage","status":"publish","type":"product","link":"https:\/\/riffaud.eu\/es\/produit\/heritage\/","title":{"rendered":"Heritage"},"content":{"rendered":"<p>Cortada a partir de un bloque de granito, esculpida y pulida a mano, la base del tr\u00edpode Heritage es una obra de arte por derecho propio. Descansa sobre una encimera de granito mecanizada a partir del mismo bloque de granito de Zimbabue.<\/p>\n<p>Su aspecto original, monumental e in\u00e9dito esconde una capacidad sin precedentes para transcribir discos de vinilo en m\u00fasica viva.<\/p>\n<p>Su dise\u00f1o se basa en los logros t\u00e9cnicos de los modelos anteriores (incluido Epure), mejorados por la experiencia. Contiene los principales rasgos de la filosof\u00eda desarrollada por Pierre Riffaud:<\/p>\n<ul>\n<li>La masa como principio ineludible<\/li>\n<li>Mec\u00e1nica pura y transmisi\u00f3n por correa<\/li>\n<li>La inercia cin\u00e9tica garantiza una rotaci\u00f3n suave, transformando la energ\u00eda en una din\u00e1mica inigualable.<\/li>\n<li>La repulsi\u00f3n magn\u00e9tica parcial (95% de la masa de la placa) permite un punto de rotaci\u00f3n de referencia.<\/li>\n<\/ul>\n<p>Estos imperativos t\u00e9cnicos se elevan aqu\u00ed al m\u00e1ximo nivel.<\/p>\n<p>El plan director de este proyecto se ha mantenido a pesar de las dificultades encontradas.<\/p>\n<p>El resultado es un tocadiscos excepcional, probablemente \u00fanico en el mundo.<\/p>\n","protected":false},"excerpt":{"rendered":"<p>DESCRIPCI\u00d3N<\/p>\n<p>Base: escultura tr\u00edpode de granito estatuario negro de grano fino totalmente pulido, suspendida sobre gatos ajustables (muelles helicoidales),<\/p>\n<p>Patas de lat\u00f3n macizo, acabado dorado,<\/p>\n<p>Base: granito negro de grano fino de la misma procedencia, 30 mm de grosor, cara y campos pulidos,<\/p>\n<p>Bloque motor de lat\u00f3n macizo, pulido con un fino acabado dorado, con polea de 33,33 rpm y volante de inercia,<\/p>\n<p>Velocidad 45 rpm mediante adaptador separado,<\/p>\n<p>Soporte del motor ajustable en altura sobre almohadillas antivibraci\u00f3n, acabado dorado<\/p>\n<p>Motor s\u00edncrono 230V \/ 50 Hz, 250 rpm,<\/p>\n<p>Alimentaci\u00f3n mediante toma CE de 2 polos + toma de tierra,<\/p>\n<p>Tapa de aluminio macizo, \u00d8 347 \u00abAviation grade Zircal\u00bb, acabado de aluminio natural con pulido de alto brillo, peso 27 kg compensado por repulsi\u00f3n magn\u00e9tica parcial (95%).<\/p>\n<p>Transmisi\u00f3n por correa plana rectificada<\/p>\n<p>Rodamientos c\u00f3nicos de precisi\u00f3n (patentados)<\/p>\n<p>Funda de bandeja Riffaud Micpormat (PVC microporoso),<\/p>\n<p>Disco de lat\u00f3n pulido con acabado en oro fino,<\/p>\n<p>Peso total: 120 kg<\/p>\n<p>Peso en suspensi\u00f3n: 85 kg<\/p>\n<p>Dimensiones 700 x 700 x 350<\/p>\n","protected":false},"featured_media":20194,"template":"","meta":[],"product_cat":[118],"product_tag":[],"acf":[],"yoast_head":"<!-- This site is optimized with the Yoast SEO plugin v21.7 - https:\/\/yoast.com\/wordpress\/plugins\/seo\/ -->\n<title>Heritage - Riffaud Turntables<\/title>\n<meta name=\"robots\" content=\"index, follow, max-snippet:-1, max-image-preview:large, max-video-preview:-1\" \/>\n<link rel=\"canonical\" href=\"https:\/\/riffaud.eu\/es\/produit\/heritage\/\" \/>\n<meta property=\"og:locale\" content=\"es_ES\" \/>\n<meta property=\"og:type\" content=\"article\" \/>\n<meta property=\"og:title\" content=\"Heritage - Riffaud Turntables\" \/>\n<meta property=\"og:description\" content=\"DESCRIPCI\u00d3N  Base: escultura tr\u00edpode de granito estatuario negro de grano fino totalmente pulido, suspendida sobre gatos ajustables (muelles helicoidales),  Patas de lat\u00f3n macizo, acabado dorado,  Base: granito negro de grano fino de la misma procedencia, 30 mm de grosor, cara y campos pulidos,  Bloque motor de lat\u00f3n macizo, pulido con un fino acabado dorado, con polea de 33,33 rpm y volante de inercia,  Velocidad 45 rpm mediante adaptador separado,  Soporte del motor ajustable en altura sobre almohadillas antivibraci\u00f3n, acabado dorado  Motor s\u00edncrono 230V \/ 50 Hz, 250 rpm,  Alimentaci\u00f3n mediante toma CE de 2 polos + toma de tierra,  Tapa de aluminio macizo, \u00d8 347 &quot;Aviation grade Zircal&quot;, acabado de aluminio natural con pulido de alto brillo, peso 27 kg compensado por repulsi\u00f3n magn\u00e9tica parcial (95%).  Transmisi\u00f3n por correa plana rectificada  Rodamientos c\u00f3nicos de precisi\u00f3n (patentados)  Funda de bandeja Riffaud Micpormat (PVC microporoso),  Disco de lat\u00f3n pulido con acabado en oro fino,  Peso total: 120 kg  Peso en suspensi\u00f3n: 85 kg  Dimensiones 700 x 700 x 350\" \/>\n<meta property=\"og:url\" content=\"https:\/\/riffaud.eu\/es\/produit\/heritage\/\" \/>\n<meta property=\"og:site_name\" content=\"Riffaud Turntables\" \/>\n<meta property=\"article:publisher\" content=\"https:\/\/www.facebook.com\/RiffaudTurntable\" \/>\n<meta property=\"article:modified_time\" content=\"2024-01-02T15:18:27+00:00\" \/>\n<meta property=\"og:image\" content=\"https:\/\/riffaud.eu\/wp-content\/uploads\/2022\/04\/riffaud_turntable_heritage_2.jpg\" \/>\n\t<meta property=\"og:image:width\" content=\"1080\" \/>\n\t<meta property=\"og:image:height\" content=\"1080\" \/>\n\t<meta property=\"og:image:type\" content=\"image\/jpeg\" \/>\n<meta name=\"twitter:card\" content=\"summary_large_image\" \/>\n<meta name=\"twitter:label1\" content=\"Tiempo de lectura\" \/>\n\t<meta name=\"twitter:data1\" content=\"2 minutos\" \/>\n<script type=\"application\/ld+json\" class=\"yoast-schema-graph\">{\"@context\":\"https:\/\/schema.org\",\"@graph\":[{\"@type\":\"WebPage\",\"@id\":\"https:\/\/riffaud.eu\/es\/produit\/heritage\/\",\"url\":\"https:\/\/riffaud.eu\/es\/produit\/heritage\/\",\"name\":\"Heritage - Riffaud Turntables\",\"isPartOf\":{\"@id\":\"https:\/\/riffaud.eu\/es\/#website\"},\"datePublished\":\"2023-12-06T11:44:01+00:00\",\"dateModified\":\"2024-01-02T15:18:27+00:00\",\"breadcrumb\":{\"@id\":\"https:\/\/riffaud.eu\/es\/produit\/heritage\/#breadcrumb\"},\"inLanguage\":\"es\",\"potentialAction\":[{\"@type\":\"ReadAction\",\"target\":[\"https:\/\/riffaud.eu\/es\/produit\/heritage\/\"]}]},{\"@type\":\"BreadcrumbList\",\"@id\":\"https:\/\/riffaud.eu\/es\/produit\/heritage\/#breadcrumb\",\"itemListElement\":[{\"@type\":\"ListItem\",\"position\":1,\"name\":\"Accueil\",\"item\":\"https:\/\/riffaud.eu\/es\/\"},{\"@type\":\"ListItem\",\"position\":2,\"name\":\"Tienda\",\"item\":\"https:\/\/riffaud.eu\/es\/tienda\/\"},{\"@type\":\"ListItem\",\"position\":3,\"name\":\"Heritage\"}]},{\"@type\":\"WebSite\",\"@id\":\"https:\/\/riffaud.eu\/es\/#website\",\"url\":\"https:\/\/riffaud.eu\/es\/\",\"name\":\"Riffaud Turntables\",\"description\":\"Createur de passion\",\"publisher\":{\"@id\":\"https:\/\/riffaud.eu\/es\/#organization\"},\"potentialAction\":[{\"@type\":\"SearchAction\",\"target\":{\"@type\":\"EntryPoint\",\"urlTemplate\":\"https:\/\/riffaud.eu\/es\/?s={search_term_string}\"},\"query-input\":\"required name=search_term_string\"}],\"inLanguage\":\"es\"},{\"@type\":\"Organization\",\"@id\":\"https:\/\/riffaud.eu\/es\/#organization\",\"name\":\"Riffaud Turntables\",\"url\":\"https:\/\/riffaud.eu\/es\/\",\"logo\":{\"@type\":\"ImageObject\",\"inLanguage\":\"es\",\"@id\":\"https:\/\/riffaud.eu\/es\/#\/schema\/logo\/image\/\",\"url\":\"http:\/\/riffaud.eu\/wp-content\/uploads\/2020\/08\/logo-Riffaud.png\",\"contentUrl\":\"http:\/\/riffaud.eu\/wp-content\/uploads\/2020\/08\/logo-Riffaud.png\",\"width\":320,\"height\":86,\"caption\":\"Riffaud Turntables\"},\"image\":{\"@id\":\"https:\/\/riffaud.eu\/es\/#\/schema\/logo\/image\/\"},\"sameAs\":[\"https:\/\/www.facebook.com\/RiffaudTurntable\",\"https:\/\/www.instagram.com\/riffaudturntable\/\"]}]}<\/script>\n<!-- \/ Yoast SEO plugin. -->","yoast_head_json":{"title":"Heritage - Riffaud Turntables","robots":{"index":"index","follow":"follow","max-snippet":"max-snippet:-1","max-image-preview":"max-image-preview:large","max-video-preview":"max-video-preview:-1"},"canonical":"https:\/\/riffaud.eu\/es\/produit\/heritage\/","og_locale":"es_ES","og_type":"article","og_title":"Heritage - Riffaud Turntables","og_description":"DESCRIPCI\u00d3N  Base: escultura tr\u00edpode de granito estatuario negro de grano fino totalmente pulido, suspendida sobre gatos ajustables (muelles helicoidales),  Patas de lat\u00f3n macizo, acabado dorado,  Base: granito negro de grano fino de la misma procedencia, 30 mm de grosor, cara y campos pulidos,  Bloque motor de lat\u00f3n macizo, pulido con un fino acabado dorado, con polea de 33,33 rpm y volante de inercia,  Velocidad 45 rpm mediante adaptador separado,  Soporte del motor ajustable en altura sobre almohadillas antivibraci\u00f3n, acabado dorado  Motor s\u00edncrono 230V \/ 50 Hz, 250 rpm,  Alimentaci\u00f3n mediante toma CE de 2 polos + toma de tierra,  Tapa de aluminio macizo, \u00d8 347 \"Aviation grade Zircal\", acabado de aluminio natural con pulido de alto brillo, peso 27 kg compensado por repulsi\u00f3n magn\u00e9tica parcial (95%).  Transmisi\u00f3n por correa plana rectificada  Rodamientos c\u00f3nicos de precisi\u00f3n (patentados)  Funda de bandeja Riffaud Micpormat (PVC microporoso),  Disco de lat\u00f3n pulido con acabado en oro fino,  Peso total: 120 kg  Peso en suspensi\u00f3n: 85 kg  Dimensiones 700 x 700 x 350","og_url":"https:\/\/riffaud.eu\/es\/produit\/heritage\/","og_site_name":"Riffaud Turntables","article_publisher":"https:\/\/www.facebook.com\/RiffaudTurntable","article_modified_time":"2024-01-02T15:18:27+00:00","og_image":[{"width":1080,"height":1080,"url":"https:\/\/riffaud.eu\/wp-content\/uploads\/2022\/04\/riffaud_turntable_heritage_2.jpg","type":"image\/jpeg"}],"twitter_card":"summary_large_image","twitter_misc":{"Tiempo de lectura":"2 minutos"},"schema":{"@context":"https:\/\/schema.org","@graph":[{"@type":"WebPage","@id":"https:\/\/riffaud.eu\/es\/produit\/heritage\/","url":"https:\/\/riffaud.eu\/es\/produit\/heritage\/","name":"Heritage - Riffaud Turntables","isPartOf":{"@id":"https:\/\/riffaud.eu\/es\/#website"},"datePublished":"2023-12-06T11:44:01+00:00","dateModified":"2024-01-02T15:18:27+00:00","breadcrumb":{"@id":"https:\/\/riffaud.eu\/es\/produit\/heritage\/#breadcrumb"},"inLanguage":"es","potentialAction":[{"@type":"ReadAction","target":["https:\/\/riffaud.eu\/es\/produit\/heritage\/"]}]},{"@type":"BreadcrumbList","@id":"https:\/\/riffaud.eu\/es\/produit\/heritage\/#breadcrumb","itemListElement":[{"@type":"ListItem","position":1,"name":"Accueil","item":"https:\/\/riffaud.eu\/es\/"},{"@type":"ListItem","position":2,"name":"Tienda","item":"https:\/\/riffaud.eu\/es\/tienda\/"},{"@type":"ListItem","position":3,"name":"Heritage"}]},{"@type":"WebSite","@id":"https:\/\/riffaud.eu\/es\/#website","url":"https:\/\/riffaud.eu\/es\/","name":"Riffaud Turntables","description":"Createur de passion","publisher":{"@id":"https:\/\/riffaud.eu\/es\/#organization"},"potentialAction":[{"@type":"SearchAction","target":{"@type":"EntryPoint","urlTemplate":"https:\/\/riffaud.eu\/es\/?s={search_term_string}"},"query-input":"required name=search_term_string"}],"inLanguage":"es"},{"@type":"Organization","@id":"https:\/\/riffaud.eu\/es\/#organization","name":"Riffaud Turntables","url":"https:\/\/riffaud.eu\/es\/","logo":{"@type":"ImageObject","inLanguage":"es","@id":"https:\/\/riffaud.eu\/es\/#\/schema\/logo\/image\/","url":"http:\/\/riffaud.eu\/wp-content\/uploads\/2020\/08\/logo-Riffaud.png","contentUrl":"http:\/\/riffaud.eu\/wp-content\/uploads\/2020\/08\/logo-Riffaud.png","width":320,"height":86,"caption":"Riffaud Turntables"},"image":{"@id":"https:\/\/riffaud.eu\/es\/#\/schema\/logo\/image\/"},"sameAs":["https:\/\/www.facebook.com\/RiffaudTurntable","https:\/\/www.instagram.com\/riffaudturntable\/"]}]}},"_links":{"self":[{"href":"https:\/\/riffaud.eu\/es\/wp-json\/wp\/v2\/product\/20270"}],"collection":[{"href":"https:\/\/riffaud.eu\/es\/wp-json\/wp\/v2\/product"}],"about":[{"href":"https:\/\/riffaud.eu\/es\/wp-json\/wp\/v2\/types\/product"}],"wp:featuredmedia":[{"embeddable":true,"href":"https:\/\/riffaud.eu\/es\/wp-json\/wp\/v2\/media\/20194"}],"wp:attachment":[{"href":"https:\/\/riffaud.eu\/es\/wp-json\/wp\/v2\/media?parent=20270"}],"wp:term":[{"taxonomy":"product_cat","embeddable":true,"href":"https:\/\/riffaud.eu\/es\/wp-json\/wp\/v2\/product_cat?post=20270"},{"taxonomy":"product_tag","embeddable":true,"href":"https:\/\/riffaud.eu\/es\/wp-json\/wp\/v2\/product_tag?post=20270"}],"curies":[{"name":"wp","href":"https:\/\/api.w.org\/{rel}","templated":true}]}}