{"id":20264,"date":"2023-12-05T09:47:00","date_gmt":"2023-12-05T09:47:00","guid":{"rendered":"https:\/\/riffaud.eu\/produit\/epure\/"},"modified":"2023-12-05T09:47:00","modified_gmt":"2023-12-05T09:47:00","slug":"epure","status":"publish","type":"product","link":"https:\/\/riffaud.eu\/es\/produit\/epure\/","title":{"rendered":"Epure"},"content":{"rendered":"<p>EPURE<\/p>\n<p>Es el modelo m\u00e1s com\u00fan. Se cre\u00f3 en 2007. La base de acero inoxidable de Epure Vintage se ha sustituido por un bloque de granito negro de Zimbabue, cortado y pulido a mano, que conserva las mismas caracter\u00edsticas.<\/p>\n<p>Los principios fundamentales de las creaciones de Pierre Riffaud son, por supuesto, los mismos:<\/p>\n<p><strong>LA MASA COMO PRINCIPIO ABSOLUTO<\/strong><\/p>\n<p>Antecedentes: Para reproducir m\u00fasica, la reproducci\u00f3n anal\u00f3gica de discos de vinilo implica un proceso de transferencia de vibraciones. Primero de la ranura al palpador, luego del palpador al im\u00e1n (o bobina) de la c\u00e9lula, que los convierte en una corriente el\u00e9ctrica variable. Tras la amplificaci\u00f3n, esta corriente se transforma de nuevo en vibraciones que se transmiten al diafragma del altavoz a trav\u00e9s de la bobina, y luego al aire, permitiendo que el sonido se propague en la sala de escucha. (Esto es un recordatorio de que no pretendo ense\u00f1ar al lector)<\/p>\n<p>A menudo se han observado resonancias en paredes de muebles o ventanas. Estos fen\u00f3menos son naturales, ya que el sonido comprende todas las frecuencias, algunas de las cuales generan ondas ac\u00fasticas que resuenan con gran energ\u00eda.<\/p>\n<p>Por regla general, el tocadiscos se coloca en la sala de escucha. Por tanto, es muy probable que tambi\u00e9n se produzcan resonancias en la superficie del disco. As\u00ed, crean vibraciones par\u00e1sitas que se captan y transmiten junto con la m\u00fasica en la cadena de reproducci\u00f3n. Este fen\u00f3meno ocurre mucho m\u00e1s a menudo de lo que se piensa. El sonido se altera, al igual que la din\u00e1mica, pero esta distorsi\u00f3n se mantiene a un nivel bajo, por lo que el o\u00eddo no la detecta.<em>(a niveles bajos, el o\u00eddo no detecta la distorsi\u00f3n en t\u00e9rminos absolutos, es decir, sin una referencia inmediata, pero tras una escucha comparativa el oyente podr\u00e1 distinguir el sonido alterado del sonido puro).<\/em><\/p>\n<p>La soluci\u00f3n de Pierre Riffaud a este problema consiste en colocar tierra bajo las superficies del giradiscos en contacto con el aire de la sala de escucha.<\/p>\n<p>El plato giratorio \u00c9pure est\u00e1 dise\u00f1ado para ser macizo, de modo que ninguna superficie pueda vibrar. Todas las piezas son extremadamente s\u00f3lidas, y el propio tocadiscos est\u00e1 desacoplado de su base mediante pies provistos de suspensiones. Esta masa suspendida pesa 70 kg y es completamente insensible a las vibraciones del entorno. La base es la masa principal. Fabricada en granito negro de Zimbabue, est\u00e1 tallada en un bloque de 80 mm de grosor y cuenta con todos los herrajes necesarios para ensamblar los componentes mec\u00e1nicos. Esta es la base del equilibrio din\u00e1mico de masas.<\/p>\n","protected":false},"excerpt":{"rendered":"<p>DESCRIPCI\u00d3N<\/p>\n<p>Giradiscos audi\u00f3filo con masa suspendida (masa total: 80 kg)<\/p>\n<p>DIMENSIONES: 550 x 445 x 300<\/p>\n<p>Base maciza de granito negro absoluto de grano fino procedente de Zimbabue, pulido en todas las superficies visibles, con opci\u00f3n de versi\u00f3n en m\u00e1rmol (tipo por definir) Apoyada sobre 3 pies amortiguadores regulables en altura,<\/p>\n<p>Estante de aluminio macizo pulido \u00abAviation grade\u00bb, \u00d8 300, peso 20 kg;<\/p>\n<p>Masa compensada por repulsi\u00f3n magn\u00e9tica parcial (90%).<\/p>\n<p>Cojinetes c\u00f3nicos de precisi\u00f3n patentados por Riffaud<\/p>\n<p>Funda de bandeja Riffaud Micpormat (PVC microporoso),<\/p>\n<p>Unidad de motor independiente, de lat\u00f3n pulido y cromado, con M\/A integrado<\/p>\n<p>Motor s\u00edncrono 250 rpm, alimentaci\u00f3n: 230 V &#8211; 50 Hz.<\/p>\n<p>Transmisi\u00f3n por correa, 2 velocidades: 33,33 \/ 45 rpm moviendo la correa sobre una polea escalonada<\/p>\n<p>&nbsp;<\/p>\n","protected":false},"featured_media":20188,"template":"","meta":[],"product_cat":[118],"product_tag":[],"acf":[],"yoast_head":"<!-- This site is optimized with the Yoast SEO plugin v21.7 - https:\/\/yoast.com\/wordpress\/plugins\/seo\/ -->\n<title>Epure - Riffaud Turntables<\/title>\n<meta name=\"robots\" content=\"index, follow, max-snippet:-1, max-image-preview:large, max-video-preview:-1\" \/>\n<link rel=\"canonical\" href=\"https:\/\/riffaud.eu\/es\/produit\/epure\/\" \/>\n<meta property=\"og:locale\" content=\"es_ES\" \/>\n<meta property=\"og:type\" content=\"article\" \/>\n<meta property=\"og:title\" content=\"Epure - Riffaud Turntables\" \/>\n<meta property=\"og:description\" content=\"DESCRIPCI\u00d3N Giradiscos audi\u00f3filo con masa suspendida (masa total: 80 kg) DIMENSIONES: 550 x 445 x 300 Base maciza de granito negro absoluto de grano fino procedente de Zimbabue, pulido en todas las superficies visibles, con opci\u00f3n de versi\u00f3n en m\u00e1rmol (tipo por definir) Apoyada sobre 3 pies amortiguadores regulables en altura, Estante de aluminio macizo pulido &quot;Aviation grade&quot;, \u00d8 300, peso 20 kg; Masa compensada por repulsi\u00f3n magn\u00e9tica parcial (90%). Cojinetes c\u00f3nicos de precisi\u00f3n patentados por Riffaud Funda de bandeja Riffaud Micpormat (PVC microporoso), Unidad de motor independiente, de lat\u00f3n pulido y cromado, con M\/A integrado Motor s\u00edncrono 250 rpm, alimentaci\u00f3n: 230 V - 50 Hz. Transmisi\u00f3n por correa, 2 velocidades: 33,33 \/ 45 rpm moviendo la correa sobre una polea escalonada &nbsp;\" \/>\n<meta property=\"og:url\" content=\"https:\/\/riffaud.eu\/es\/produit\/epure\/\" \/>\n<meta property=\"og:site_name\" content=\"Riffaud Turntables\" \/>\n<meta property=\"article:publisher\" content=\"https:\/\/www.facebook.com\/RiffaudTurntable\" \/>\n<meta property=\"og:image\" content=\"https:\/\/riffaud.eu\/wp-content\/uploads\/2022\/04\/riffaud_turntable_epure.jpg\" \/>\n\t<meta property=\"og:image:width\" content=\"1080\" \/>\n\t<meta property=\"og:image:height\" content=\"1080\" \/>\n\t<meta property=\"og:image:type\" content=\"image\/jpeg\" \/>\n<meta name=\"twitter:card\" content=\"summary_large_image\" \/>\n<meta name=\"twitter:label1\" content=\"Tiempo de lectura\" \/>\n\t<meta name=\"twitter:data1\" content=\"2 minutos\" \/>\n<script type=\"application\/ld+json\" class=\"yoast-schema-graph\">{\"@context\":\"https:\/\/schema.org\",\"@graph\":[{\"@type\":\"WebPage\",\"@id\":\"https:\/\/riffaud.eu\/es\/produit\/epure\/\",\"url\":\"https:\/\/riffaud.eu\/es\/produit\/epure\/\",\"name\":\"Epure - Riffaud Turntables\",\"isPartOf\":{\"@id\":\"https:\/\/riffaud.eu\/es\/#website\"},\"datePublished\":\"2023-12-05T09:47:00+00:00\",\"dateModified\":\"2023-12-05T09:47:00+00:00\",\"breadcrumb\":{\"@id\":\"https:\/\/riffaud.eu\/es\/produit\/epure\/#breadcrumb\"},\"inLanguage\":\"es\",\"potentialAction\":[{\"@type\":\"ReadAction\",\"target\":[\"https:\/\/riffaud.eu\/es\/produit\/epure\/\"]}]},{\"@type\":\"BreadcrumbList\",\"@id\":\"https:\/\/riffaud.eu\/es\/produit\/epure\/#breadcrumb\",\"itemListElement\":[{\"@type\":\"ListItem\",\"position\":1,\"name\":\"Accueil\",\"item\":\"https:\/\/riffaud.eu\/es\/\"},{\"@type\":\"ListItem\",\"position\":2,\"name\":\"Tienda\",\"item\":\"https:\/\/riffaud.eu\/es\/tienda\/\"},{\"@type\":\"ListItem\",\"position\":3,\"name\":\"Epure\"}]},{\"@type\":\"WebSite\",\"@id\":\"https:\/\/riffaud.eu\/es\/#website\",\"url\":\"https:\/\/riffaud.eu\/es\/\",\"name\":\"Riffaud Turntables\",\"description\":\"Createur de passion\",\"publisher\":{\"@id\":\"https:\/\/riffaud.eu\/es\/#organization\"},\"potentialAction\":[{\"@type\":\"SearchAction\",\"target\":{\"@type\":\"EntryPoint\",\"urlTemplate\":\"https:\/\/riffaud.eu\/es\/?s={search_term_string}\"},\"query-input\":\"required name=search_term_string\"}],\"inLanguage\":\"es\"},{\"@type\":\"Organization\",\"@id\":\"https:\/\/riffaud.eu\/es\/#organization\",\"name\":\"Riffaud Turntables\",\"url\":\"https:\/\/riffaud.eu\/es\/\",\"logo\":{\"@type\":\"ImageObject\",\"inLanguage\":\"es\",\"@id\":\"https:\/\/riffaud.eu\/es\/#\/schema\/logo\/image\/\",\"url\":\"http:\/\/riffaud.eu\/wp-content\/uploads\/2020\/08\/logo-Riffaud.png\",\"contentUrl\":\"http:\/\/riffaud.eu\/wp-content\/uploads\/2020\/08\/logo-Riffaud.png\",\"width\":320,\"height\":86,\"caption\":\"Riffaud Turntables\"},\"image\":{\"@id\":\"https:\/\/riffaud.eu\/es\/#\/schema\/logo\/image\/\"},\"sameAs\":[\"https:\/\/www.facebook.com\/RiffaudTurntable\",\"https:\/\/www.instagram.com\/riffaudturntable\/\"]}]}<\/script>\n<!-- \/ Yoast SEO plugin. -->","yoast_head_json":{"title":"Epure - Riffaud Turntables","robots":{"index":"index","follow":"follow","max-snippet":"max-snippet:-1","max-image-preview":"max-image-preview:large","max-video-preview":"max-video-preview:-1"},"canonical":"https:\/\/riffaud.eu\/es\/produit\/epure\/","og_locale":"es_ES","og_type":"article","og_title":"Epure - Riffaud Turntables","og_description":"DESCRIPCI\u00d3N Giradiscos audi\u00f3filo con masa suspendida (masa total: 80 kg) DIMENSIONES: 550 x 445 x 300 Base maciza de granito negro absoluto de grano fino procedente de Zimbabue, pulido en todas las superficies visibles, con opci\u00f3n de versi\u00f3n en m\u00e1rmol (tipo por definir) Apoyada sobre 3 pies amortiguadores regulables en altura, Estante de aluminio macizo pulido \"Aviation grade\", \u00d8 300, peso 20 kg; Masa compensada por repulsi\u00f3n magn\u00e9tica parcial (90%). Cojinetes c\u00f3nicos de precisi\u00f3n patentados por Riffaud Funda de bandeja Riffaud Micpormat (PVC microporoso), Unidad de motor independiente, de lat\u00f3n pulido y cromado, con M\/A integrado Motor s\u00edncrono 250 rpm, alimentaci\u00f3n: 230 V - 50 Hz. Transmisi\u00f3n por correa, 2 velocidades: 33,33 \/ 45 rpm moviendo la correa sobre una polea escalonada &nbsp;","og_url":"https:\/\/riffaud.eu\/es\/produit\/epure\/","og_site_name":"Riffaud Turntables","article_publisher":"https:\/\/www.facebook.com\/RiffaudTurntable","og_image":[{"width":1080,"height":1080,"url":"https:\/\/riffaud.eu\/wp-content\/uploads\/2022\/04\/riffaud_turntable_epure.jpg","type":"image\/jpeg"}],"twitter_card":"summary_large_image","twitter_misc":{"Tiempo de lectura":"2 minutos"},"schema":{"@context":"https:\/\/schema.org","@graph":[{"@type":"WebPage","@id":"https:\/\/riffaud.eu\/es\/produit\/epure\/","url":"https:\/\/riffaud.eu\/es\/produit\/epure\/","name":"Epure - Riffaud Turntables","isPartOf":{"@id":"https:\/\/riffaud.eu\/es\/#website"},"datePublished":"2023-12-05T09:47:00+00:00","dateModified":"2023-12-05T09:47:00+00:00","breadcrumb":{"@id":"https:\/\/riffaud.eu\/es\/produit\/epure\/#breadcrumb"},"inLanguage":"es","potentialAction":[{"@type":"ReadAction","target":["https:\/\/riffaud.eu\/es\/produit\/epure\/"]}]},{"@type":"BreadcrumbList","@id":"https:\/\/riffaud.eu\/es\/produit\/epure\/#breadcrumb","itemListElement":[{"@type":"ListItem","position":1,"name":"Accueil","item":"https:\/\/riffaud.eu\/es\/"},{"@type":"ListItem","position":2,"name":"Tienda","item":"https:\/\/riffaud.eu\/es\/tienda\/"},{"@type":"ListItem","position":3,"name":"Epure"}]},{"@type":"WebSite","@id":"https:\/\/riffaud.eu\/es\/#website","url":"https:\/\/riffaud.eu\/es\/","name":"Riffaud Turntables","description":"Createur de passion","publisher":{"@id":"https:\/\/riffaud.eu\/es\/#organization"},"potentialAction":[{"@type":"SearchAction","target":{"@type":"EntryPoint","urlTemplate":"https:\/\/riffaud.eu\/es\/?s={search_term_string}"},"query-input":"required name=search_term_string"}],"inLanguage":"es"},{"@type":"Organization","@id":"https:\/\/riffaud.eu\/es\/#organization","name":"Riffaud Turntables","url":"https:\/\/riffaud.eu\/es\/","logo":{"@type":"ImageObject","inLanguage":"es","@id":"https:\/\/riffaud.eu\/es\/#\/schema\/logo\/image\/","url":"http:\/\/riffaud.eu\/wp-content\/uploads\/2020\/08\/logo-Riffaud.png","contentUrl":"http:\/\/riffaud.eu\/wp-content\/uploads\/2020\/08\/logo-Riffaud.png","width":320,"height":86,"caption":"Riffaud Turntables"},"image":{"@id":"https:\/\/riffaud.eu\/es\/#\/schema\/logo\/image\/"},"sameAs":["https:\/\/www.facebook.com\/RiffaudTurntable","https:\/\/www.instagram.com\/riffaudturntable\/"]}]}},"_links":{"self":[{"href":"https:\/\/riffaud.eu\/es\/wp-json\/wp\/v2\/product\/20264"}],"collection":[{"href":"https:\/\/riffaud.eu\/es\/wp-json\/wp\/v2\/product"}],"about":[{"href":"https:\/\/riffaud.eu\/es\/wp-json\/wp\/v2\/types\/product"}],"wp:featuredmedia":[{"embeddable":true,"href":"https:\/\/riffaud.eu\/es\/wp-json\/wp\/v2\/media\/20188"}],"wp:attachment":[{"href":"https:\/\/riffaud.eu\/es\/wp-json\/wp\/v2\/media?parent=20264"}],"wp:term":[{"taxonomy":"product_cat","embeddable":true,"href":"https:\/\/riffaud.eu\/es\/wp-json\/wp\/v2\/product_cat?post=20264"},{"taxonomy":"product_tag","embeddable":true,"href":"https:\/\/riffaud.eu\/es\/wp-json\/wp\/v2\/product_tag?post=20264"}],"curies":[{"name":"wp","href":"https:\/\/api.w.org\/{rel}","templated":true}]}}