{"id":20281,"date":"2023-12-02T09:14:07","date_gmt":"2023-12-02T09:14:07","guid":{"rendered":"https:\/\/riffaud.eu\/produit\/intemporelle-ii\/"},"modified":"2024-01-02T15:15:04","modified_gmt":"2024-01-02T15:15:04","slug":"intemporelle-ii","status":"publish","type":"product","link":"https:\/\/riffaud.eu\/en\/produit\/intemporelle-ii\/","title":{"rendered":"Intemporelle II"},"content":{"rendered":"<p>INTEMPORELLE II<\/p>\n<p>This model is based on the fundamental principles of Pierre Riffaud&#8217;s designs:<\/p>\n<p>Mass as an absolute principle,<\/p>\n<p>Belt drive,<\/p>\n<p>Pure mechanics,<\/p>\n<p>Speed stability,<\/p>\n<p>And no electronic peripherals to reduce operating life.<\/p>\n<p>&nbsp;<\/p>\n<p>DATABASE PRODUCTION<\/p>\n<p>In addition to a rigorously technical approach, Pierre Riffaud accentuates his artistic bent by introducing new materials. Among those tested was the precious PETIT ANTIQUE NOIR POMP\u00c9IEN marble from the H\u00e9chette quarry (Hautes Pyr\u00e9n\u00e9es).<\/p>\n<p>This is an exceptional offer for any music lover whose sensitivity to objets d&#8217;art can be translated into the possession of a unique object.<\/p>\n<p>&nbsp;<\/p>\n<p>The base is made from a block of granite or marble (to order, see above), CNC-machined and customized by hand by a stone cutter. Ice-polished finish.<\/p>\n<p>It stands on 3 feet equipped with height-adjustable coil-spring suspension jacks for perfect levelling.<\/p>\n<p>Belt drive is by means of a convex profile pulley (stepped 33 \/ 45) optimized to the belt dimensions, and an aluminum counter-plate, machined to the precision required to obtain the exact speed, without slipping.<\/p>\n<p>The diameter of the chainring has been increased to 328 mm to take advantage of its high kinetic energy. It is machined from a solid bar of aircraft-quality stabilized cast aluminum.<\/p>\n<p>&nbsp;<\/p>\n<p>THE TONE ARM<\/p>\n<p>OPUS II model<\/p>\n<p>Single-pivot type on silicone bath,<\/p>\n<p>Internal wiring: Nordost Norse2 , gold-plated rhodium cell clips,<\/p>\n<p>With mounting base including anti-skating and VTA adjustment.<\/p>\n<p>RCA \/RCA connection via L\u00e9mo<\/p>\n<table>\n<tbody>\n<tr>\n<td width=\"246\">Total length<\/td>\n<td width=\"177\">385 mm<\/td>\n<\/tr>\n<tr>\n<td width=\"246\">Effective length<\/td>\n<td width=\"177\">308.60 mm (12 inches)<\/td>\n<\/tr>\n<tr>\n<td width=\"246\">Pivot to disc center distance<\/td>\n<td width=\"177\">295.60 mm<\/td>\n<\/tr>\n<tr>\n<td width=\"246\">Offset angle<\/td>\n<td width=\"177\">18,5\u00b0<\/td>\n<\/tr>\n<tr>\n<td width=\"246\">VTA setting<\/td>\n<td width=\"177\">0 to 10 mm<\/td>\n<\/tr>\n<tr>\n<td width=\"246\">Moving mass<\/td>\n<td width=\"177\">1150 g<\/td>\n<\/tr>\n<tr>\n<td width=\"246\">Offset angle (cell)<\/td>\n<td width=\"177\">17,3\u00b0<\/td>\n<\/tr>\n<tr>\n<td width=\"246\">Overhang<\/td>\n<td width=\"177\">13 mm<\/td>\n<\/tr>\n<tr>\n<td width=\"246\">Support force adjustment<\/td>\n<td width=\"177\">0,5 \/ 5g<\/td>\n<\/tr>\n<\/tbody>\n<\/table>\n","protected":false},"excerpt":{"rendered":"<p><u>Technical specifications : <\/u><\/p>\n<p>Power supply 230 V 50 Hz<\/p>\n<p>Turntable with suspended mass.<\/p>\n<p>Dimensions: 400 X 500 mm<\/p>\n<p>Total weight: 36 kg<\/p>\n<p>24-pole permanent magnet synchronous motor totally independent of the base.<\/p>\n<p>Belt drive on internal counter plate.<\/p>\n<p>Patented precision bearing (N\u00b0 FR3092151)<\/p>\n<p>Solid top with high moment of inertia.<\/p>\n<p>Two speeds: 33.33 and 45 rpm by moving the belt over the stepped pulley.<\/p>\n","protected":false},"featured_media":20195,"template":"","meta":[],"product_brand":[],"product_cat":[116],"product_tag":[],"class_list":{"0":"post-20281","1":"product","2":"type-product","3":"status-publish","4":"has-post-thumbnail","6":"product_cat-turntable","8":"first","9":"instock","10":"taxable","11":"shipping-taxable","12":"product-type-simple"},"acf":[],"yoast_head":"<!-- This site is optimized with the Yoast SEO plugin v27.5 - https:\/\/yoast.com\/product\/yoast-seo-wordpress\/ -->\n<title>Intemporelle II - Riffaud Turntables<\/title>\n<meta name=\"robots\" content=\"index, follow, max-snippet:-1, max-image-preview:large, max-video-preview:-1\" \/>\n<link rel=\"canonical\" href=\"https:\/\/riffaud.eu\/en\/produit\/intemporelle-ii\/\" \/>\n<meta property=\"og:locale\" content=\"en_US\" \/>\n<meta property=\"og:type\" content=\"article\" \/>\n<meta property=\"og:title\" content=\"Intemporelle II - Riffaud Turntables\" \/>\n<meta property=\"og:description\" content=\"Technical specifications :   Power supply 230 V 50 Hz  Turntable with suspended mass.  Dimensions: 400 X 500 mm  Total weight: 36 kg  24-pole permanent magnet synchronous motor totally independent of the base.  Belt drive on internal counter plate.  Patented precision bearing (N\u00b0 FR3092151)  Solid top with high moment of inertia.  Two speeds: 33.33 and 45 rpm by moving the belt over the stepped pulley.\" \/>\n<meta property=\"og:url\" content=\"https:\/\/riffaud.eu\/en\/produit\/intemporelle-ii\/\" \/>\n<meta property=\"og:site_name\" content=\"Riffaud Turntables\" \/>\n<meta property=\"article:publisher\" content=\"https:\/\/www.facebook.com\/RiffaudTurntable\" \/>\n<meta property=\"article:modified_time\" content=\"2024-01-02T15:15:04+00:00\" \/>\n<meta property=\"og:image\" content=\"https:\/\/riffaud.eu\/wp-content\/uploads\/2022\/04\/riffaud_turntable_intemporelle.jpg\" \/>\n\t<meta property=\"og:image:width\" content=\"1080\" \/>\n\t<meta property=\"og:image:height\" content=\"1080\" \/>\n\t<meta property=\"og:image:type\" content=\"image\/jpeg\" \/>\n<meta name=\"twitter:card\" content=\"summary_large_image\" \/>\n<meta name=\"twitter:label1\" content=\"Est. reading time\" \/>\n\t<meta name=\"twitter:data1\" content=\"2 minutes\" \/>\n<script type=\"application\/ld+json\" class=\"yoast-schema-graph\">{\"@context\":\"https:\\\/\\\/schema.org\",\"@graph\":[{\"@type\":\"WebPage\",\"@id\":\"https:\\\/\\\/riffaud.eu\\\/en\\\/produit\\\/intemporelle-ii\\\/\",\"url\":\"https:\\\/\\\/riffaud.eu\\\/en\\\/produit\\\/intemporelle-ii\\\/\",\"name\":\"Intemporelle II - Riffaud Turntables\",\"isPartOf\":{\"@id\":\"https:\\\/\\\/riffaud.eu\\\/en\\\/#website\"},\"primaryImageOfPage\":{\"@id\":\"https:\\\/\\\/riffaud.eu\\\/en\\\/produit\\\/intemporelle-ii\\\/#primaryimage\"},\"image\":{\"@id\":\"https:\\\/\\\/riffaud.eu\\\/en\\\/produit\\\/intemporelle-ii\\\/#primaryimage\"},\"thumbnailUrl\":\"https:\\\/\\\/riffaud.eu\\\/wp-content\\\/uploads\\\/2022\\\/04\\\/riffaud_turntable_intemporelle.jpg\",\"datePublished\":\"2023-12-02T09:14:07+00:00\",\"dateModified\":\"2024-01-02T15:15:04+00:00\",\"breadcrumb\":{\"@id\":\"https:\\\/\\\/riffaud.eu\\\/en\\\/produit\\\/intemporelle-ii\\\/#breadcrumb\"},\"inLanguage\":\"en-US\",\"potentialAction\":[{\"@type\":\"ReadAction\",\"target\":[\"https:\\\/\\\/riffaud.eu\\\/en\\\/produit\\\/intemporelle-ii\\\/\"]}]},{\"@type\":\"ImageObject\",\"inLanguage\":\"en-US\",\"@id\":\"https:\\\/\\\/riffaud.eu\\\/en\\\/produit\\\/intemporelle-ii\\\/#primaryimage\",\"url\":\"https:\\\/\\\/riffaud.eu\\\/wp-content\\\/uploads\\\/2022\\\/04\\\/riffaud_turntable_intemporelle.jpg\",\"contentUrl\":\"https:\\\/\\\/riffaud.eu\\\/wp-content\\\/uploads\\\/2022\\\/04\\\/riffaud_turntable_intemporelle.jpg\",\"width\":1080,\"height\":1080,\"caption\":\"timeless turntable, riffaud turntable\"},{\"@type\":\"BreadcrumbList\",\"@id\":\"https:\\\/\\\/riffaud.eu\\\/en\\\/produit\\\/intemporelle-ii\\\/#breadcrumb\",\"itemListElement\":[{\"@type\":\"ListItem\",\"position\":1,\"name\":\"Accueil\",\"item\":\"https:\\\/\\\/riffaud.eu\\\/en\\\/riffaud\\\/\"},{\"@type\":\"ListItem\",\"position\":2,\"name\":\"Shop\",\"item\":\"https:\\\/\\\/riffaud.eu\\\/shop\\\/\"},{\"@type\":\"ListItem\",\"position\":3,\"name\":\"Intemporelle II\"}]},{\"@type\":\"WebSite\",\"@id\":\"https:\\\/\\\/riffaud.eu\\\/en\\\/#website\",\"url\":\"https:\\\/\\\/riffaud.eu\\\/en\\\/\",\"name\":\"Riffaud Turntables\",\"description\":\"Createur de passion\",\"publisher\":{\"@id\":\"https:\\\/\\\/riffaud.eu\\\/en\\\/#organization\"},\"potentialAction\":[{\"@type\":\"SearchAction\",\"target\":{\"@type\":\"EntryPoint\",\"urlTemplate\":\"https:\\\/\\\/riffaud.eu\\\/en\\\/?s={search_term_string}\"},\"query-input\":{\"@type\":\"PropertyValueSpecification\",\"valueRequired\":true,\"valueName\":\"search_term_string\"}}],\"inLanguage\":\"en-US\"},{\"@type\":\"Organization\",\"@id\":\"https:\\\/\\\/riffaud.eu\\\/en\\\/#organization\",\"name\":\"Riffaud Turntables\",\"url\":\"https:\\\/\\\/riffaud.eu\\\/en\\\/\",\"logo\":{\"@type\":\"ImageObject\",\"inLanguage\":\"en-US\",\"@id\":\"https:\\\/\\\/riffaud.eu\\\/en\\\/#\\\/schema\\\/logo\\\/image\\\/\",\"url\":\"http:\\\/\\\/riffaud.eu\\\/wp-content\\\/uploads\\\/2020\\\/08\\\/logo-Riffaud.png\",\"contentUrl\":\"http:\\\/\\\/riffaud.eu\\\/wp-content\\\/uploads\\\/2020\\\/08\\\/logo-Riffaud.png\",\"width\":320,\"height\":86,\"caption\":\"Riffaud Turntables\"},\"image\":{\"@id\":\"https:\\\/\\\/riffaud.eu\\\/en\\\/#\\\/schema\\\/logo\\\/image\\\/\"},\"sameAs\":[\"https:\\\/\\\/www.facebook.com\\\/RiffaudTurntable\",\"https:\\\/\\\/www.instagram.com\\\/riffaudturntable\\\/\"]}]}<\/script>\n<!-- \/ Yoast SEO plugin. -->","yoast_head_json":{"title":"Intemporelle II - Riffaud Turntables","robots":{"index":"index","follow":"follow","max-snippet":"max-snippet:-1","max-image-preview":"max-image-preview:large","max-video-preview":"max-video-preview:-1"},"canonical":"https:\/\/riffaud.eu\/en\/produit\/intemporelle-ii\/","og_locale":"en_US","og_type":"article","og_title":"Intemporelle II - Riffaud Turntables","og_description":"Technical specifications :   Power supply 230 V 50 Hz  Turntable with suspended mass.  Dimensions: 400 X 500 mm  Total weight: 36 kg  24-pole permanent magnet synchronous motor totally independent of the base.  Belt drive on internal counter plate.  Patented precision bearing (N\u00b0 FR3092151)  Solid top with high moment of inertia.  Two speeds: 33.33 and 45 rpm by moving the belt over the stepped pulley.","og_url":"https:\/\/riffaud.eu\/en\/produit\/intemporelle-ii\/","og_site_name":"Riffaud Turntables","article_publisher":"https:\/\/www.facebook.com\/RiffaudTurntable","article_modified_time":"2024-01-02T15:15:04+00:00","og_image":[{"width":1080,"height":1080,"url":"https:\/\/riffaud.eu\/wp-content\/uploads\/2022\/04\/riffaud_turntable_intemporelle.jpg","type":"image\/jpeg"}],"twitter_card":"summary_large_image","twitter_misc":{"Est. reading time":"2 minutes"},"schema":{"@context":"https:\/\/schema.org","@graph":[{"@type":"WebPage","@id":"https:\/\/riffaud.eu\/en\/produit\/intemporelle-ii\/","url":"https:\/\/riffaud.eu\/en\/produit\/intemporelle-ii\/","name":"Intemporelle II - Riffaud Turntables","isPartOf":{"@id":"https:\/\/riffaud.eu\/en\/#website"},"primaryImageOfPage":{"@id":"https:\/\/riffaud.eu\/en\/produit\/intemporelle-ii\/#primaryimage"},"image":{"@id":"https:\/\/riffaud.eu\/en\/produit\/intemporelle-ii\/#primaryimage"},"thumbnailUrl":"https:\/\/riffaud.eu\/wp-content\/uploads\/2022\/04\/riffaud_turntable_intemporelle.jpg","datePublished":"2023-12-02T09:14:07+00:00","dateModified":"2024-01-02T15:15:04+00:00","breadcrumb":{"@id":"https:\/\/riffaud.eu\/en\/produit\/intemporelle-ii\/#breadcrumb"},"inLanguage":"en-US","potentialAction":[{"@type":"ReadAction","target":["https:\/\/riffaud.eu\/en\/produit\/intemporelle-ii\/"]}]},{"@type":"ImageObject","inLanguage":"en-US","@id":"https:\/\/riffaud.eu\/en\/produit\/intemporelle-ii\/#primaryimage","url":"https:\/\/riffaud.eu\/wp-content\/uploads\/2022\/04\/riffaud_turntable_intemporelle.jpg","contentUrl":"https:\/\/riffaud.eu\/wp-content\/uploads\/2022\/04\/riffaud_turntable_intemporelle.jpg","width":1080,"height":1080,"caption":"timeless turntable, riffaud turntable"},{"@type":"BreadcrumbList","@id":"https:\/\/riffaud.eu\/en\/produit\/intemporelle-ii\/#breadcrumb","itemListElement":[{"@type":"ListItem","position":1,"name":"Accueil","item":"https:\/\/riffaud.eu\/en\/riffaud\/"},{"@type":"ListItem","position":2,"name":"Shop","item":"https:\/\/riffaud.eu\/shop\/"},{"@type":"ListItem","position":3,"name":"Intemporelle II"}]},{"@type":"WebSite","@id":"https:\/\/riffaud.eu\/en\/#website","url":"https:\/\/riffaud.eu\/en\/","name":"Riffaud Turntables","description":"Createur de passion","publisher":{"@id":"https:\/\/riffaud.eu\/en\/#organization"},"potentialAction":[{"@type":"SearchAction","target":{"@type":"EntryPoint","urlTemplate":"https:\/\/riffaud.eu\/en\/?s={search_term_string}"},"query-input":{"@type":"PropertyValueSpecification","valueRequired":true,"valueName":"search_term_string"}}],"inLanguage":"en-US"},{"@type":"Organization","@id":"https:\/\/riffaud.eu\/en\/#organization","name":"Riffaud Turntables","url":"https:\/\/riffaud.eu\/en\/","logo":{"@type":"ImageObject","inLanguage":"en-US","@id":"https:\/\/riffaud.eu\/en\/#\/schema\/logo\/image\/","url":"http:\/\/riffaud.eu\/wp-content\/uploads\/2020\/08\/logo-Riffaud.png","contentUrl":"http:\/\/riffaud.eu\/wp-content\/uploads\/2020\/08\/logo-Riffaud.png","width":320,"height":86,"caption":"Riffaud Turntables"},"image":{"@id":"https:\/\/riffaud.eu\/en\/#\/schema\/logo\/image\/"},"sameAs":["https:\/\/www.facebook.com\/RiffaudTurntable","https:\/\/www.instagram.com\/riffaudturntable\/"]}]}},"_links":{"self":[{"href":"https:\/\/riffaud.eu\/en\/wp-json\/wp\/v2\/product\/20281","targetHints":{"allow":["GET"]}}],"collection":[{"href":"https:\/\/riffaud.eu\/en\/wp-json\/wp\/v2\/product"}],"about":[{"href":"https:\/\/riffaud.eu\/en\/wp-json\/wp\/v2\/types\/product"}],"wp:featuredmedia":[{"embeddable":true,"href":"https:\/\/riffaud.eu\/en\/wp-json\/wp\/v2\/media\/20195"}],"wp:attachment":[{"href":"https:\/\/riffaud.eu\/en\/wp-json\/wp\/v2\/media?parent=20281"}],"wp:term":[{"taxonomy":"product_brand","embeddable":true,"href":"https:\/\/riffaud.eu\/en\/wp-json\/wp\/v2\/product_brand?post=20281"},{"taxonomy":"product_cat","embeddable":true,"href":"https:\/\/riffaud.eu\/en\/wp-json\/wp\/v2\/product_cat?post=20281"},{"taxonomy":"product_tag","embeddable":true,"href":"https:\/\/riffaud.eu\/en\/wp-json\/wp\/v2\/product_tag?post=20281"}],"curies":[{"name":"wp","href":"https:\/\/api.w.org\/{rel}","templated":true}]}}